{"id":2230,"date":"2018-01-17T17:52:58","date_gmt":"2018-01-17T17:52:58","guid":{"rendered":"https:\/\/fadesaing.com\/prototypes-et-preseries-electroniques\/"},"modified":"2025-05-19T21:29:51","modified_gmt":"2025-05-19T21:29:51","slug":"prototypes-et-preseries-electroniques","status":"publish","type":"page","link":"https:\/\/fadesaing.com\/fr\/prototypes-et-preseries-electroniques\/","title":{"rendered":"Prototypes et pr\u00e9s\u00e9ries \u00e9lectroniques"},"content":{"rendered":"<p>[vc_row gap=\u00a0\u00bb15&Prime;][vc_column width=\u00a0\u00bb1\/2&Prime;][vc_column_text]<\/p>\n<p style=\"text-align: justify;\">Lorsqu\u2019un projet est termin\u00e9, il est n\u00e9cessaire dans un premier temps de fabriquer des prototypes et des petites s\u00e9ries afin de le tester dans des conditions strictes avant de passer \u00e0 une production \u00e0 plus grande \u00e9chelle.<\/p>\n<p style=\"text-align: justify;\">Transformer des id\u00e9es en quelque chose de tangible : en ing\u00e9nierie \u00e9lectronique, les prototypes garantissent la disponibilit\u00e9 rapide des mod\u00e8les, acc\u00e9l\u00e8rent le d\u00e9veloppement du produit, permettent de visualiser de nouveaux concepts et r\u00e9duisent consid\u00e9rablement les erreurs de conception. Outre les pi\u00e8ces de s\u00e9rie, nous disposons d\u2019une vaste exp\u00e9rience dans la fabrication de pi\u00e8ces sp\u00e9ciales et de prototypes pour une grande vari\u00e9t\u00e9 d\u2019applications en mouvement et sommes en mesure de vous fournir une assistance professionnelle pour votre projet. <\/p>\n<p>[\/vc_column_text][vc_btn title=\u00a0\u00bbNous contacter\u00a0\u00bb style=\u00a0\u00bboutline-custom\u00a0\u00bb outline_custom_color=\u00a0\u00bb#1099a7&Prime; outline_custom_hover_background=\u00a0\u00bb#1099a7&Prime; outline_custom_hover_text=\u00a0\u00bb#ffffff\u00a0\u00bb align=\u00a0\u00bbcenter\u00a0\u00bb link=\u00a0\u00bburl:https%3A%2F%2Ffadesaing.com%2Fcontacto%2F|title:Nous%20contacter|\u00a0\u00bb css=\u00a0\u00bb.vc_custom_1619081623336{border-right-width: 5px !important;border-left-width: 5px !important;border-left-color: #ffffff !important;border-right-color: #ffffff !important;}\u00a0\u00bb][\/vc_column][vc_column width=\u00a0\u00bb1\/2&Prime;][vc_single_image image=\u00a0\u00bb369&Prime; img_size=\u00a0\u00bbfull\u00a0\u00bb][\/vc_column][\/vc_row][vc_row full_width=\u00a0\u00bbstretch_row\u00a0\u00bb css=\u00a0\u00bb.vc_custom_1616600688253{margin-top: 0px !important;margin-bottom: 0px !important;border-bottom-width: 0px !important;}\u00a0\u00bb][vc_column][vc_column_text]<\/p>\n<h2 id=\"Quienessomos\" class=\"u_Quienessomos dmNewParagraph\" style=\"text-align: left;\" data-uialign=\"center\" data-element-type=\"paragraph\" data-anchor=\"Quienes somos\">Conception et fabrication de prototypes<\/h2>\n<p style=\"text-align: justify;\">Nos clients nous font confiance pour <strong>concevoir<\/strong>, <strong>cr\u00e9er<\/strong> et <strong>d\u00e9velopper<\/strong> des produits innovants qui am\u00e9liorent leurs appareils \u00e9lectriques et \u00e9lectroniques et contribuent \u00e0 la croissance de leur entreprise depuis plus de 36 ans. De la transformation d\u2019id\u00e9es en <strong>prototypes<\/strong> r\u00e9els \u00e0 la production de petites s\u00e9ries, nous concevons et assemblons des circuits \u00e9lectroniques \u00e0 l\u2019aide d\u2019outils technologiques de pointe. <\/p>\n<p>[\/vc_column_text][vc_row_inner gap=\u00a0\u00bb5&Prime;][vc_column_inner width=\u00a0\u00bb1\/4&Prime; css=\u00a0\u00bb.vc_custom_1616600785095{border-top-width: 1px !important;border-right-width: 1px !important;border-bottom-width: 1px !important;border-left-width: 1px !important;background-color: rgba(0,165,165,0.03) !important;*background-color: rgb(0,165,165) !important;border-left-color: #1099a7 !important;border-left-style: double !important;border-right-color: #1099a7 !important;border-right-style: double !important;border-top-color: #1099a7 !important;border-top-style: double !important;border-bottom-color: #1099a7 !important;border-bottom-style: double !important;border-radius: 2px !important;}\u00a0\u00bb][vc_empty_space height=\u00a0\u00bb15px\u00a0\u00bb][vc_single_image image=\u00a0\u00bb372&Prime; alignment=\u00a0\u00bbcenter\u00a0\u00bb style=\u00a0\u00bbvc_box_circle\u00a0\u00bb][vc_column_text]<\/p>\n<h3 style=\"text-align: center;\">Prototypes sur papier<\/h3>\n<ul>\n<li style=\"text-align: left;\">Nous concevons et pr\u00e9sentons des propositions de produits en fonction des choix de nos clients.<\/li>\n<li style=\"text-align: left;\">Nous vous conseillons et vous proposons des solutions pour garantir que le produit offre la meilleure fonctionnalit\u00e9 et ergonomie possible.<\/li>\n<li style=\"text-align: left;\">Nous adaptons les conceptions en fonction de la technologie que nous utiliserons lors de la fabrication ult\u00e9rieure.<\/li>\n<\/ul>\n<p>[\/vc_column_text][\/vc_column_inner][vc_column_inner width=\u00a0\u00bb1\/4&Prime; css=\u00a0\u00bb.vc_custom_1616600799569{border-top-width: 1px !important;border-right-width: 1px !important;border-bottom-width: 1px !important;border-left-width: 1px !important;background-color: rgba(0,165,165,0.03) !important;*background-color: rgb(0,165,165) !important;border-left-color: #1099a7 !important;border-left-style: double !important;border-right-color: #1099a7 !important;border-right-style: double !important;border-top-color: #1099a7 !important;border-top-style: double !important;border-bottom-color: #1099a7 !important;border-bottom-style: double !important;border-radius: 2px !important;}\u00a0\u00bb][vc_empty_space height=\u00a0\u00bb15px\u00a0\u00bb][vc_single_image image=\u00a0\u00bb2050&Prime; alignment=\u00a0\u00bbcenter\u00a0\u00bb style=\u00a0\u00bbvc_box_circle\u00a0\u00bb][vc_column_text]<\/p>\n<h3 style=\"text-align: center;\">Prototypes num\u00e9riques<\/h3>\n<ul>\n<li class=\"caption-title u_1258273293\" style=\"text-align: left;\">Nous transposons les id\u00e9es des prototypes au format num\u00e9rique sans perte de qualit\u00e9 et avec une grande pr\u00e9cision, gr\u00e2ce aux outils professionnels dont nous disposons.<\/li>\n<li id=\"1375305489\" class=\"caption-text u_1375305489\">\n<p class=\"rteBlock\" style=\"text-align: left;\">Nous vous accompagnons tout au long du processus depuis notre service d\u2019ing\u00e9nierie, avec lequel vous b\u00e9n\u00e9ficiez d\u2019une ligne de communication directe.<\/p>\n<\/li>\n<\/ul>\n<p>[\/vc_column_text][\/vc_column_inner][vc_column_inner width=\u00a0\u00bb1\/4&Prime; css=\u00a0\u00bb.vc_custom_1616600817258{border-top-width: 1px !important;border-right-width: 1px !important;border-bottom-width: 1px !important;border-left-width: 1px !important;background-color: rgba(0,165,165,0.03) !important;*background-color: rgb(0,165,165) !important;border-left-color: #1099a7 !important;border-left-style: double !important;border-right-color: #1099a7 !important;border-right-style: double !important;border-top-color: #1099a7 !important;border-top-style: double !important;border-bottom-color: #1099a7 !important;border-bottom-style: double !important;border-radius: 2px !important;}\u00a0\u00bb][vc_empty_space height=\u00a0\u00bb15px\u00a0\u00bb][vc_single_image image=\u00a0\u00bb2125&Prime; alignment=\u00a0\u00bbcenter\u00a0\u00bb style=\u00a0\u00bbvc_box_circle\u00a0\u00bb][vc_column_text]<\/p>\n<h3 style=\"text-align: center;\">Fabrication de prototypes<\/h3>\n<ul>\n<li class=\"caption-title u_1985652793\" style=\"text-align: left;\"> Nous disposons d\u2019une large gamme de mat\u00e9riaux pour la fabrication de prototypes \u00e9lectroniques<\/li>\n<li class=\"rteBlock\" style=\"text-align: left;\"> Nous utilisons des outils professionnels pour la conception industrielle et la cr\u00e9ation de prototypes 3D.<\/li>\n<li class=\"rteBlock\" style=\"text-align: left;\"> Nous avons des exigences \u00e9lev\u00e9es en mati\u00e8re de qualit\u00e9 des produits.<\/li>\n<\/ul>\n<p>[\/vc_column_text][\/vc_column_inner][vc_column_inner width=\u00a0\u00bb1\/4&Prime; css=\u00a0\u00bb.vc_custom_1616600831221{border-top-width: 1px !important;border-right-width: 1px !important;border-bottom-width: 1px !important;border-left-width: 1px !important;background-color: rgba(0,165,165,0.03) !important;*background-color: rgb(0,165,165) !important;border-left-color: #1099a7 !important;border-left-style: double !important;border-right-color: #1099a7 !important;border-right-style: double !important;border-top-color: #1099a7 !important;border-top-style: double !important;border-bottom-color: #1099a7 !important;border-bottom-style: double !important;border-radius: 2px !important;}\u00a0\u00bb][vc_empty_space height=\u00a0\u00bb15px\u00a0\u00bb][vc_single_image image=\u00a0\u00bb351&Prime; alignment=\u00a0\u00bbcenter\u00a0\u00bb style=\u00a0\u00bbvc_box_circle\u00a0\u00bb][vc_column_text]<\/p>\n<h3 style=\"text-align: center;\">Fabrication de pr\u00e9s\u00e9ries<\/h3>\n<ul>\n<li class=\"caption-title u_1930550141\" style=\"text-align: left;\">Une fois le prototype optimis\u00e9, nous sommes en mesure de lancer la premi\u00e8re pr\u00e9s\u00e9rie du produit final afin que le client soit en mesure d\u2019\u00e9valuer son utilisation et son exp\u00e9rience.<\/li>\n<li class=\"rteBlock\" style=\"text-align: left;\">Une fois cette phase et le processus d\u2019am\u00e9lioration termin\u00e9s, le produit est pr\u00eat \u00e0 \u00eatre fabriqu\u00e9 en grande s\u00e9rie, conform\u00e9ment aux param\u00e8tres atteints.<\/li>\n<\/ul>\n<p>[\/vc_column_text][\/vc_column_inner][\/vc_row_inner][vc_empty_space][\/vc_column][\/vc_row][vc_row full_width=\u00a0\u00bbstretch_row\u00a0\u00bb css=\u00a0\u00bb.vc_custom_1615480473703{background-image: url(https:\/\/fadesaing.com\/wp-content\/uploads\/2019\/06\/capacitors-chip-circuit-159220-1.jpg?id=673) !important;background-position: center !important;background-repeat: no-repeat !important;background-size: cover !important;}\u00a0\u00bb][vc_column][vc_empty_space height=\u00a0\u00bb30px\u00a0\u00bb el_class=\u00a0\u00bbempty-space\u00a0\u00bb][vc_column_text]<\/p>\n<h2><strong><span style=\"font-size: 24pt; color: #ffffff;\">Un service flexible et sur mesure <\/span><\/strong><strong style=\"font-size: 16px;\"><span style=\"font-size: 24pt; color: #ffffff;\">pour votre projet \u00e9lectronique<\/span><\/strong><\/h2>\n<p>[\/vc_column_text][vc_separator color=\u00a0\u00bbcustom\u00a0\u00bb align=\u00a0\u00bbalign_left\u00a0\u00bb el_width=\u00a0\u00bb30&Prime; accent_color=\u00a0\u00bb#ffffff\u00a0\u00bb][vc_column_text]<\/p>\n<h4><strong><span style=\"font-size: 18pt; color: #ffffff;\">Souhaitez-vous obtenir plus d\u2019informations ?<\/span><\/strong><\/h4>\n<p>[\/vc_column_text][vc_btn title=\u00a0\u00bbNous contacter\u00a0\u00bb style=\u00a0\u00bboutline-custom\u00a0\u00bb outline_custom_color=\u00a0\u00bb#ffffff\u00a0\u00bb outline_custom_hover_background=\u00a0\u00bb#ffffff\u00a0\u00bb outline_custom_hover_text=\u00a0\u00bb#000000&Prime; size=\u00a0\u00bblg\u00a0\u00bb align=\u00a0\u00bbleft\u00a0\u00bb link=\u00a0\u00bburl:https%3A%2F%2Ffadesaing.com%2Fcontacto%2F|title:Nous%20contacter|\u00a0\u00bb css=\u00a0\u00bb.vc_custom_1580832979480{border-right-width: 5px !important;border-left-width: 5px !important;border-left-color: #ffffff !important;border-right-color: #ffffff !important;}\u00a0\u00bb el_id=\u00a0\u00bbBotonContacto2&Prime;][vc_empty_space height=\u00a0\u00bb30px\u00a0\u00bb][\/vc_column][\/vc_row][vc_row full_width=\u00a0\u00bbstretch_row\u00a0\u00bb gap=\u00a0\u00bb35&Prime; content_placement=\u00a0\u00bbmiddle\u00a0\u00bb parallax=\u00a0\u00bbcontent-moving\u00a0\u00bb parallax_image=\u00a0\u00bb486&Prime; parallax_speed_bg=\u00a0\u00bb4&Prime; css=\u00a0\u00bb.vc_custom_1615827198928{background-color: rgba(0,165,165,0.03) !important;*background-color: rgb(0,165,165) !important;}\u00a0\u00bb][vc_column width=\u00a0\u00bb1\/2&Prime;][vc_empty_space height=\u00a0\u00bb32&Prime; el_class=\u00a0\u00bbempty-space\u00a0\u00bb][vc_column_text css=\u00a0\u00bb.vc_custom_1615827267302{background-position: center !important;background-repeat: no-repeat !important;background-size: cover !important;}\u00a0\u00bb]<\/p>\n<h2>Services de conception et d\u2019assemblage de circuits \u00e9lectroniques<\/h2>\n<p>[\/vc_column_text][vc_separator color=\u00a0\u00bbcustom\u00a0\u00bb el_width=\u00a0\u00bb40&Prime; accent_color=\u00a0\u00bb#1099a7&Prime;][vc_column_text css=\u00a0\u00bb.vc_custom_1615377755489{background-position: center !important;background-repeat: no-repeat !important;background-size: cover !important;}\u00a0\u00bb]<\/p>\n<h3 style=\"text-align: left;\"><\/h3>\n<p style=\"text-align: left;\"><span style=\"font-family: verdana, geneva, sans-serif; color: #443f3f;\"><span style=\"color: #1099a7;\"><span style=\"color: #443f3f;\">Chez<\/span><strong> FADESA INGENIEROS,<\/strong><\/span> nous r\u00e9alisons bien plus que le prototype \u00e9lectronique de votre dispositif. Nous sommes en mesure de concevoir et d\u2019assembler des circuits \u00e9lectroniques. Nous disposons d\u2019un service d\u2019assemblage SMD qui s\u2019occupe de l\u2019assemblage de circuits imprim\u00e9s sur mesure pour nos clients.  <\/span><\/p>\n<p>[\/vc_column_text][vc_btn title=\u00a0\u00bbNous contacter\u00a0\u00bb style=\u00a0\u00bboutline-custom\u00a0\u00bb outline_custom_color=\u00a0\u00bb#1099a7&Prime; outline_custom_hover_background=\u00a0\u00bb#1099a7&Prime; outline_custom_hover_text=\u00a0\u00bb#ffffff\u00a0\u00bb align=\u00a0\u00bbcenter\u00a0\u00bb link=\u00a0\u00bburl:https%3A%2F%2Ffadesaing.com%2Fcontacto%2F|title:Nous%20contacter|\u00a0\u00bb css=\u00a0\u00bb.vc_custom_1619081741491{border-right-width: 5px !important;border-left-width: 5px !important;border-left-color: #ffffff !important;border-right-color: #ffffff !important;}\u00a0\u00bb][vc_empty_space height=\u00a0\u00bb60px\u00a0\u00bb el_class=\u00a0\u00bbempty-space\u00a0\u00bb][\/vc_column][vc_column width=\u00a0\u00bb1\/2&Prime;][vc_empty_space height=\u00a0\u00bb30&Prime; el_class=\u00a0\u00bbempty-space\u00a0\u00bb][vc_column_text]<\/p>\n<ul>\n<li>\n<h5><a href=\"https:\/\/fadesaing.com\/fr\/ingenierie-et-conception-de-nouveaux-produits\/\">Ing\u00e9nierie et conception de nouveaux produits<\/a><\/h5>\n<\/li>\n<li>\n<h5><a href=\"https:\/\/fadesaing.com\/fr\/prototypes-et-preseries-electroniques\/\">Prototypes et s\u00e9ries<\/a><\/h5>\n<\/li>\n<li>\n<h5><a href=\"https:\/\/fadesaing.com\/fr\/gestion-des-composants\/\">Gestion des composants<\/a><\/h5>\n<\/li>\n<li>\n<h5><a href=\"https:\/\/fadesaing.com\/montaje-superficial-smd\/\">Assemblage en surface (SMD)<\/a><\/h5>\n<\/li>\n<li>\n<h5><a href=\"https:\/\/fadesaing.com\/fr\/assemblage-conventionnel-tht\/\">Assemblage conventionnel (THT)<\/a><\/h5>\n<\/li>\n<li>\n<h5><a href=\"https:\/\/fadesaing.com\/fr\/tropicalisation\/\">Protection par tropicalisation<\/a><\/h5>\n<\/li>\n<li>\n<h5><a href=\"https:\/\/fadesaing.com\/fr\/verification-et-mise-en-service\/\">V\u00e9rification et mise en service<\/a><\/h5>\n<\/li>\n<li>\n<h5><a href=\"https:\/\/fadesaing.com\/fr\/service-apres-vente\/\">Service apr\u00e8s-vente<\/a><\/h5>\n<\/li>\n<\/ul>\n<p>[\/vc_column_text][\/vc_column][\/vc_row]<\/p>\n","protected":false},"excerpt":{"rendered":"<p>[vc_row gap=\u00a0\u00bb15&Prime;][vc_column width=\u00a0\u00bb1\/2&Prime;][vc_column_text] Lorsqu\u2019un projet est termin\u00e9, il est n\u00e9cessaire dans un premier temps de fabriquer des prototypes et des [&hellip;]<\/p>\n","protected":false},"author":1,"featured_media":0,"parent":0,"menu_order":0,"comment_status":"closed","ping_status":"closed","template":"page-templates\/page_fullwidth.php","meta":{"footnotes":""},"class_list":["post-2230","page","type-page","status-publish","hentry"],"yoast_head":"<!-- This site is optimized with the Yoast SEO plugin v26.3 - https:\/\/yoast.com\/wordpress\/plugins\/seo\/ -->\n<title>Prototypes et pr\u00e9s\u00e9ries \u00e9lectroniques | Fadesa Ingenieros<\/title>\n<meta name=\"description\" content=\"\u00c0 la fin d\u2019un projet, nous fabriquons des prototypes et des petites s\u00e9ries afin de les tester dans des conditions strictes avant de lancer la production.\" \/>\n<meta name=\"robots\" content=\"index, follow, max-snippet:-1, max-image-preview:large, max-video-preview:-1\" \/>\n<link rel=\"canonical\" href=\"https:\/\/fadesaing.com\/fr\/prototypes-et-preseries-electroniques\/\" \/>\n<meta property=\"og:locale\" content=\"fr_FR\" \/>\n<meta property=\"og:type\" content=\"article\" \/>\n<meta property=\"og:title\" content=\"Prototypes et pr\u00e9s\u00e9ries \u00e9lectroniques | Fadesa Ingenieros\" \/>\n<meta property=\"og:description\" content=\"\u00c0 la fin d\u2019un projet, nous fabriquons des prototypes et des petites s\u00e9ries afin de les tester dans des conditions strictes avant de lancer la production.\" \/>\n<meta property=\"og:url\" content=\"https:\/\/fadesaing.com\/fr\/prototypes-et-preseries-electroniques\/\" \/>\n<meta property=\"og:site_name\" content=\"FADESA INGENIEROS\" \/>\n<meta property=\"article:modified_time\" content=\"2025-05-19T21:29:51+00:00\" \/>\n<meta name=\"twitter:card\" content=\"summary_large_image\" \/>\n<script type=\"application\/ld+json\" class=\"yoast-schema-graph\">{\"@context\":\"https:\/\/schema.org\",\"@graph\":[{\"@type\":\"WebPage\",\"@id\":\"https:\/\/fadesaing.com\/fr\/prototypes-et-preseries-electroniques\/\",\"url\":\"https:\/\/fadesaing.com\/fr\/prototypes-et-preseries-electroniques\/\",\"name\":\"Prototypes et pr\u00e9s\u00e9ries \u00e9lectroniques | Fadesa Ingenieros\",\"isPartOf\":{\"@id\":\"https:\/\/fadesaing.com\/fr\/#website\"},\"datePublished\":\"2018-01-17T17:52:58+00:00\",\"dateModified\":\"2025-05-19T21:29:51+00:00\",\"description\":\"\u00c0 la fin d\u2019un projet, nous fabriquons des prototypes et des petites s\u00e9ries afin de les tester dans des conditions strictes avant de lancer la production.\",\"breadcrumb\":{\"@id\":\"https:\/\/fadesaing.com\/fr\/prototypes-et-preseries-electroniques\/#breadcrumb\"},\"inLanguage\":\"fr-FR\",\"potentialAction\":[{\"@type\":\"ReadAction\",\"target\":[\"https:\/\/fadesaing.com\/fr\/prototypes-et-preseries-electroniques\/\"]}]},{\"@type\":\"BreadcrumbList\",\"@id\":\"https:\/\/fadesaing.com\/fr\/prototypes-et-preseries-electroniques\/#breadcrumb\",\"itemListElement\":[{\"@type\":\"ListItem\",\"position\":1,\"name\":\"Portada\",\"item\":\"https:\/\/fadesaing.com\/fr\/\"},{\"@type\":\"ListItem\",\"position\":2,\"name\":\"Prototypes et pr\u00e9s\u00e9ries \u00e9lectroniques\"}]},{\"@type\":\"WebSite\",\"@id\":\"https:\/\/fadesaing.com\/fr\/#website\",\"url\":\"https:\/\/fadesaing.com\/fr\/\",\"name\":\"FADESA INGENIEROS\",\"description\":\"Organizaci\u00f3n especializada en el dise\u00f1o, montaje de circuitos electr\u00f3nicos, fabricaci\u00f3n de tarjetas y aparatos electr\u00f3nicos\",\"publisher\":{\"@id\":\"https:\/\/fadesaing.com\/fr\/#organization\"},\"potentialAction\":[{\"@type\":\"SearchAction\",\"target\":{\"@type\":\"EntryPoint\",\"urlTemplate\":\"https:\/\/fadesaing.com\/fr\/?s={search_term_string}\"},\"query-input\":{\"@type\":\"PropertyValueSpecification\",\"valueRequired\":true,\"valueName\":\"search_term_string\"}}],\"inLanguage\":\"fr-FR\"},{\"@type\":\"Organization\",\"@id\":\"https:\/\/fadesaing.com\/fr\/#organization\",\"name\":\"Fadesa Ingenieros, S.L.\",\"url\":\"https:\/\/fadesaing.com\/fr\/\",\"logo\":{\"@type\":\"ImageObject\",\"inLanguage\":\"fr-FR\",\"@id\":\"https:\/\/fadesaing.com\/fr\/#\/schema\/logo\/image\/\",\"url\":\"https:\/\/fadesaing.com\/wp-content\/uploads\/2018\/03\/favicon_icon.png\",\"contentUrl\":\"https:\/\/fadesaing.com\/wp-content\/uploads\/2018\/03\/favicon_icon.png\",\"width\":512,\"height\":512,\"caption\":\"Fadesa Ingenieros, S.L.\"},\"image\":{\"@id\":\"https:\/\/fadesaing.com\/fr\/#\/schema\/logo\/image\/\"}}]}<\/script>\n<!-- \/ Yoast SEO plugin. -->","yoast_head_json":{"title":"Prototypes et pr\u00e9s\u00e9ries \u00e9lectroniques | Fadesa Ingenieros","description":"\u00c0 la fin d\u2019un projet, nous fabriquons des prototypes et des petites s\u00e9ries afin de les tester dans des conditions strictes avant de lancer la production.","robots":{"index":"index","follow":"follow","max-snippet":"max-snippet:-1","max-image-preview":"max-image-preview:large","max-video-preview":"max-video-preview:-1"},"canonical":"https:\/\/fadesaing.com\/fr\/prototypes-et-preseries-electroniques\/","og_locale":"fr_FR","og_type":"article","og_title":"Prototypes et pr\u00e9s\u00e9ries \u00e9lectroniques | Fadesa Ingenieros","og_description":"\u00c0 la fin d\u2019un projet, nous fabriquons des prototypes et des petites s\u00e9ries afin de les tester dans des conditions strictes avant de lancer la production.","og_url":"https:\/\/fadesaing.com\/fr\/prototypes-et-preseries-electroniques\/","og_site_name":"FADESA INGENIEROS","article_modified_time":"2025-05-19T21:29:51+00:00","twitter_card":"summary_large_image","schema":{"@context":"https:\/\/schema.org","@graph":[{"@type":"WebPage","@id":"https:\/\/fadesaing.com\/fr\/prototypes-et-preseries-electroniques\/","url":"https:\/\/fadesaing.com\/fr\/prototypes-et-preseries-electroniques\/","name":"Prototypes et pr\u00e9s\u00e9ries \u00e9lectroniques | Fadesa Ingenieros","isPartOf":{"@id":"https:\/\/fadesaing.com\/fr\/#website"},"datePublished":"2018-01-17T17:52:58+00:00","dateModified":"2025-05-19T21:29:51+00:00","description":"\u00c0 la fin d\u2019un projet, nous fabriquons des prototypes et des petites s\u00e9ries afin de les tester dans des conditions strictes avant de lancer la production.","breadcrumb":{"@id":"https:\/\/fadesaing.com\/fr\/prototypes-et-preseries-electroniques\/#breadcrumb"},"inLanguage":"fr-FR","potentialAction":[{"@type":"ReadAction","target":["https:\/\/fadesaing.com\/fr\/prototypes-et-preseries-electroniques\/"]}]},{"@type":"BreadcrumbList","@id":"https:\/\/fadesaing.com\/fr\/prototypes-et-preseries-electroniques\/#breadcrumb","itemListElement":[{"@type":"ListItem","position":1,"name":"Portada","item":"https:\/\/fadesaing.com\/fr\/"},{"@type":"ListItem","position":2,"name":"Prototypes et pr\u00e9s\u00e9ries \u00e9lectroniques"}]},{"@type":"WebSite","@id":"https:\/\/fadesaing.com\/fr\/#website","url":"https:\/\/fadesaing.com\/fr\/","name":"FADESA INGENIEROS","description":"Organizaci\u00f3n especializada en el dise\u00f1o, montaje de circuitos electr\u00f3nicos, fabricaci\u00f3n de tarjetas y aparatos electr\u00f3nicos","publisher":{"@id":"https:\/\/fadesaing.com\/fr\/#organization"},"potentialAction":[{"@type":"SearchAction","target":{"@type":"EntryPoint","urlTemplate":"https:\/\/fadesaing.com\/fr\/?s={search_term_string}"},"query-input":{"@type":"PropertyValueSpecification","valueRequired":true,"valueName":"search_term_string"}}],"inLanguage":"fr-FR"},{"@type":"Organization","@id":"https:\/\/fadesaing.com\/fr\/#organization","name":"Fadesa Ingenieros, S.L.","url":"https:\/\/fadesaing.com\/fr\/","logo":{"@type":"ImageObject","inLanguage":"fr-FR","@id":"https:\/\/fadesaing.com\/fr\/#\/schema\/logo\/image\/","url":"https:\/\/fadesaing.com\/wp-content\/uploads\/2018\/03\/favicon_icon.png","contentUrl":"https:\/\/fadesaing.com\/wp-content\/uploads\/2018\/03\/favicon_icon.png","width":512,"height":512,"caption":"Fadesa Ingenieros, S.L."},"image":{"@id":"https:\/\/fadesaing.com\/fr\/#\/schema\/logo\/image\/"}}]}},"_links":{"self":[{"href":"https:\/\/fadesaing.com\/fr\/wp-json\/wp\/v2\/pages\/2230","targetHints":{"allow":["GET"]}}],"collection":[{"href":"https:\/\/fadesaing.com\/fr\/wp-json\/wp\/v2\/pages"}],"about":[{"href":"https:\/\/fadesaing.com\/fr\/wp-json\/wp\/v2\/types\/page"}],"author":[{"embeddable":true,"href":"https:\/\/fadesaing.com\/fr\/wp-json\/wp\/v2\/users\/1"}],"replies":[{"embeddable":true,"href":"https:\/\/fadesaing.com\/fr\/wp-json\/wp\/v2\/comments?post=2230"}],"version-history":[{"count":3,"href":"https:\/\/fadesaing.com\/fr\/wp-json\/wp\/v2\/pages\/2230\/revisions"}],"predecessor-version":[{"id":2233,"href":"https:\/\/fadesaing.com\/fr\/wp-json\/wp\/v2\/pages\/2230\/revisions\/2233"}],"wp:attachment":[{"href":"https:\/\/fadesaing.com\/fr\/wp-json\/wp\/v2\/media?parent=2230"}],"curies":[{"name":"wp","href":"https:\/\/api.w.org\/{rel}","templated":true}]}}