{"id":2205,"date":"2018-01-19T11:49:26","date_gmt":"2018-01-19T11:49:26","guid":{"rendered":"https:\/\/fadesaing.com\/contact\/"},"modified":"2025-05-20T21:20:09","modified_gmt":"2025-05-20T21:20:09","slug":"contacto","status":"publish","type":"page","link":"https:\/\/fadesaing.com\/fr\/contacto\/","title":{"rendered":"Contact"},"content":{"rendered":"<p>[vc_row full_width=\u00a0\u00bbstretch_row_content\u00a0\u00bb gap=\u00a0\u00bb35&Prime; css=\u00a0\u00bb.vc_custom_1619445566503{padding-right: 150px !important;padding-left: 150px !important;background-position: center !important;background-repeat: no-repeat !important;background-size: cover !important;border-radius: 3px !important;}\u00a0\u00bb][vc_column width=\u00a0\u00bb1\/2&Prime; css=\u00a0\u00bb.vc_custom_1619445573517{margin-top: 0px !important;margin-right: 5px !important;margin-bottom: 0px !important;margin-left: 5px !important;padding-top: 0px !important;padding-right: 50px !important;padding-bottom: 50px !important;padding-left: 40px !important;background-color: #ffffff !important;border-radius: 3px !important;}\u00a0\u00bb][vc_column_text css=\u00a0\u00bb.vc_custom_1619445960162{margin-bottom: 15px !important;}\u00a0\u00bb]<\/p>\n<h2><span style=\"font-size: 18pt;\"><strong>Sous-traiter la conception ou l\u2019assemblage de circuits \u00e9lectroniques<\/strong><\/span><\/h2>\n<div id=\"gtx-trans\" style=\"position: absolute; left: 43px; top: 51.9062px;\">\n<div class=\"gtx-trans-icon\"><\/div>\n<\/div>\n<p>[\/vc_column_text][vc_column_text]Remplissez le formulaire pour demander un devis pour la conception ou l\u2019assemblage de circuits \u00e9lectroniques.<\/p>\n<div id=\"gtx-trans\" style=\"position: absolute; left: 103px; top: 38px;\">\n<div class=\"gtx-trans-icon\"><\/div>\n<\/div>\n<p>[\/vc_column_text][vc_column_text css=\u00a0\u00bb.vc_custom_1619446087245{margin-bottom: 15px !important;}\u00a0\u00bb]<\/p>\n<h2><span style=\"font-size: 18pt;\"><strong>Services de conception et d\u2019assemblage de circuits \u00e9lectroniques<\/strong><\/span><\/h2>\n<p>[\/vc_column_text][vc_column_text]<\/p>\n<ul>\n<li>Conseil technique<\/li>\n<li>Conception et d\u00e9veloppement d\u2019\u00e9quipements sur mesure (mat\u00e9riel et logiciels)<\/li>\n<li>Conception et assemblage de circuits imprim\u00e9s en SMD et THT<\/li>\n<li>Fabrication de prototypes et de pr\u00e9s\u00e9ries<\/li>\n<li>D\u00e9veloppement d\u2019\u00e9quipements de test<\/li>\n<li>Assistance pour les essais de certification<\/li>\n<li>Fabrication en s\u00e9rie<\/li>\n<\/ul>\n<p>[\/vc_column_text][vc_column_text css=\u00a0\u00bb.vc_custom_1619446014116{margin-bottom: 15px !important;}\u00a0\u00bb]<\/p>\n<h2><span style=\"font-size: 18pt;\"><strong>Avantages de remplir le formulaire pour sous-traiter la conception ou l\u2019assemblage de circuits \u00e9lectroniques<\/strong><\/span><\/h2>\n<p>[\/vc_column_text][vc_column_text]Lorsque vous demandez le service en ligne, vous b\u00e9n\u00e9ficiez de :<\/p>\n<ul>\n<li>Une r\u00e9ponse plus rapide de notre \u00e9quipe d\u2019ing\u00e9nieurs<\/li>\n<li>Moins d\u2019interm\u00e9diaires dans la gestion du projet<\/li>\n<li>Une activation plus rapide du service<\/li>\n<li>Moins de temps consacr\u00e9 \u00e0 la gestion et \u00e0 la compr\u00e9hension du projet<\/li>\n<\/ul>\n<p>[\/vc_column_text][\/vc_column][vc_column width=\u00a0\u00bb1\/2&Prime; css=\u00a0\u00bb.vc_custom_1619445602493{margin-top: 0px !important;margin-right: 5px !important;margin-bottom: 0px !important;margin-left: 5px !important;border-top-width: 1px !important;border-right-width: 1px !important;border-bottom-width: 1px !important;border-left-width: 1px !important;padding-top: 0px !important;padding-right: 5px !important;padding-bottom: 0px !important;padding-left: 5px !important;background-color: rgba(232,232,232,0.53) !important;*background-color: rgb(232,232,232) !important;border-left-color: #ffffff !important;border-left-style: solid !important;border-right-color: #ffffff !important;border-right-style: solid !important;border-top-color: #ffffff !important;border-top-style: solid !important;border-bottom-color: #ffffff !important;border-bottom-style: solid !important;}\u00a0\u00bb][vc_empty_space height=\u00a0\u00bb20px\u00a0\u00bb][vc_column_text]<\/p>\n<h3 style=\"text-align: center;\"><span style=\"font-size: 24pt;\"><strong>Demandez un devis <\/strong><\/span><strong style=\"font-size: 24pt;\">sans engagement<\/strong><\/h3>\n<div id=\"gtx-trans\" style=\"position: absolute; left: 308px; top: -3.28125px;\">\n<div class=\"gtx-trans-icon\"><\/div>\n<\/div>\n<p>[\/vc_column_text]\n<div class=\"wpcf7 no-js\" id=\"wpcf7-f2046-o1\" lang=\"fr-FR\" dir=\"ltr\" data-wpcf7-id=\"2046\">\n<div class=\"screen-reader-response\"><p role=\"status\" aria-live=\"polite\" aria-atomic=\"true\"><\/p> <ul><\/ul><\/div>\n<form action=\"\/fr\/wp-json\/wp\/v2\/pages\/2205#wpcf7-f2046-o1\" method=\"post\" class=\"wpcf7-form init\" aria-label=\"Formulaire de contact\" enctype=\"multipart\/form-data\" novalidate=\"novalidate\" data-status=\"init\">\n<fieldset class=\"hidden-fields-container\"><input type=\"hidden\" name=\"_wpcf7\" value=\"2046\" \/><input type=\"hidden\" name=\"_wpcf7_version\" value=\"6.1.3\" \/><input type=\"hidden\" name=\"_wpcf7_locale\" value=\"fr_FR\" \/><input type=\"hidden\" name=\"_wpcf7_unit_tag\" value=\"wpcf7-f2046-o1\" \/><input type=\"hidden\" name=\"_wpcf7_container_post\" value=\"0\" \/><input type=\"hidden\" name=\"_wpcf7_posted_data_hash\" value=\"\" \/>\n<\/fieldset>\n<p><span class=\"wpcf7-form-control-wrap\" data-name=\"your-name\"><input size=\"40\" maxlength=\"400\" class=\"wpcf7-form-control wpcf7-text wpcf7-validates-as-required\" aria-required=\"true\" aria-invalid=\"false\" placeholder=\"Nom\" value=\"\" type=\"text\" name=\"your-name\" \/><\/span>\n<\/p>\n<p><span class=\"wpcf7-form-control-wrap\" data-name=\"your-email\"><input size=\"40\" maxlength=\"400\" class=\"wpcf7-form-control wpcf7-email wpcf7-validates-as-required wpcf7-text wpcf7-validates-as-email\" aria-required=\"true\" aria-invalid=\"false\" placeholder=\"E-mail\" value=\"\" type=\"email\" name=\"your-email\" \/><\/span>\n<\/p>\n<p><span class=\"wpcf7-form-control-wrap\" data-name=\"your-telf\"><input size=\"40\" maxlength=\"400\" class=\"wpcf7-form-control wpcf7-tel wpcf7-validates-as-required wpcf7-text wpcf7-validates-as-tel\" aria-required=\"true\" aria-invalid=\"false\" placeholder=\"T\u00e9l\u00e9phone\" value=\"\" type=\"tel\" name=\"your-telf\" \/><\/span>\n<\/p>\n<p><span class=\"wpcf7-form-control-wrap\" data-name=\"your-message\"><textarea cols=\"40\" rows=\"10\" maxlength=\"2000\" class=\"wpcf7-form-control wpcf7-textarea\" aria-invalid=\"false\" placeholder=\"Message\" name=\"your-message\"><\/textarea><\/span>\n<\/p>\n<p><span>Si vous le souhaitez, vous pouvez joindre un fichier (.pdf, .zip ou .rar)<\/span>\n<\/p>\n<p class=\"recuadro_texto\"><em><span class=\"wpcf7-form-control-wrap\" data-name=\"file-766\"><input size=\"40\" class=\"wpcf7-form-control wpcf7-file\" accept=\".pdf,.zip,.rar\" aria-invalid=\"false\" type=\"file\" name=\"file-766\" \/><\/span><\/em>\n<\/p>\n<p><span><span class=\"wpcf7-form-control-wrap\" data-name=\"acceptance-279\"><span class=\"wpcf7-form-control wpcf7-acceptance\"><span class=\"wpcf7-list-item\"><input type=\"checkbox\" name=\"acceptance-279\" value=\"1\" aria-invalid=\"false\" \/><\/span><\/span><\/span> J\u2019ai lu et j\u2019accepte les <a target=\"_blank\" rel=\"nofollow noopener noreferrer\" href=\"https:\/\/fadesaing.com\/fr\/legal-notices\">mentions l\u00e9gales<\/a> et la <a target=\"_blank\" rel=\"nofollow noopener noreferrer\" href=\"https:\/\/fadesaing.com\/fr\/politique-de-confidentialite\">politique de confidentialit\u00e9<\/a>.<\/span>\n<\/p>\n<p><input class=\"wpcf7-form-control wpcf7-submit has-spinner\" type=\"submit\" value=\"Envoyer\" \/>\n<\/p><div class=\"wpcf7-response-output\" aria-hidden=\"true\"><\/div>\n<\/form>\n<\/div>\n[vc_empty_space height=\u00a0\u00bb20px\u00a0\u00bb][\/vc_column][\/vc_row][vc_row full_width=\u00a0\u00bbstretch_row\u00a0\u00bb css=\u00a0\u00bb.vc_custom_1562755160696{padding-top: 20px !important;background-color: #efefef !important;}\u00a0\u00bb][vc_column width=\u00a0\u00bb1\/2&Prime;][vc_gmaps link=\u00a0\u00bb#E-8_JTNDaWZyYW1lJTIwc3JjJTNEJTIyaHR0cHMlM0ElMkYlMkZ3d3cuZ29vZ2xlLmNvbSUyRm1hcHMlMkZlbWJlZCUzRnBiJTNEJTIxMW0xOCUyMTFtMTIlMjExbTMlMjExZDI5ODUuNTk0MzUxMjI1Mjg0OCUyMTJkMi4wMjQyMzcyMTYwMzIyNDU3JTIxM2Q0MS41NTYzNzk1NzkyNDkwOTYlMjEybTMlMjExZjAlMjEyZjAlMjEzZjAlMjEzbTIlMjExaTEwMjQlMjEyaTc2OCUyMTRmMTMuMSUyMTNtMyUyMTFtMiUyMTFzMHgxMmE0OTJlMjY0MmU5MGI3JTI1M0EweDRiMjc4MjU1MTExMGI5N2UlMjEyc0NhcnJlciUyQmRlJTJCUmFtJTI1QzMlMjVCM24lMkJ5JTJCQ2FqYWwlMjUyQyUyQjI1MSUyNTJDJTJCMDgyMjMlMkJUZXJyYXNzYSUyNTJDJTJCQmFyY2Vsb25hJTIxNWUwJTIxM20yJTIxMXNlcyUyMTJzZXMlMjE0djE1MTYzNjI2Mjg2NDAlMjIlMjB3aWR0aCUzRCUyMjU1NSUyMiUyMGhlaWdodCUzRCUyMjYwMCUyMiUyMGZyYW1lYm9yZGVyJTNEJTIyMCUyMiUyMHN0eWxlJTNEJTIyYm9yZGVyJTNBMCUyMiUyMGFsbG93ZnVsbHNjcmVlbiUzRCUyMiUyMiUzRSUzQyUyRmlmcmFtZSUzRQ==\u00a0\u00bb size=\u00a0\u00bb\u00a0\u00bb][\/vc_column][vc_column width=\u00a0\u00bb1\/2&Prime;][vc_text_separator title=\u00a0\u00bb\u00a0\u00bb i_icon_fontawesome=\u00a0\u00bbfa fa-envelope-o\u00a0\u00bb i_color=\u00a0\u00bbwhite\u00a0\u00bb i_background_style=\u00a0\u00bbrounded\u00a0\u00bb i_background_color=\u00a0\u00bbcustom\u00a0\u00bb i_size=\u00a0\u00bbxs\u00a0\u00bb add_icon=\u00a0\u00bbtrue\u00a0\u00bb i_custom_background_color=\u00a0\u00bb#1099a7&Prime; css=\u00a0\u00bb.vc_custom_1562755227391{margin-bottom: 10px !important;}\u00a0\u00bb][vc_column_text]<\/p>\n<p style=\"text-align: center;\"><strong><a href=\"mailto:info@fadesaing.com\">info@fadesaing.com<\/a><\/strong><\/p>\n<p>[\/vc_column_text][vc_text_separator title=\u00a0\u00bb\u00a0\u00bb i_icon_fontawesome=\u00a0\u00bbfa fa-map-marker\u00a0\u00bb i_color=\u00a0\u00bbwhite\u00a0\u00bb i_background_style=\u00a0\u00bbrounded\u00a0\u00bb i_background_color=\u00a0\u00bbcustom\u00a0\u00bb i_size=\u00a0\u00bbxs\u00a0\u00bb add_icon=\u00a0\u00bbtrue\u00a0\u00bb i_custom_background_color=\u00a0\u00bb#1099a7&Prime; css=\u00a0\u00bb.vc_custom_1562755233634{margin-bottom: 10px !important;}\u00a0\u00bb][vc_column_text]<\/p>\n<p style=\"text-align: center;\"><strong>C\/ Ram\u00f3n y Cajal 251 &#8211; 08223 Terrassa<\/strong><br \/><strong>(Barcelona) Espagne<\/strong>[\/vc_column_text][vc_text_separator title=\u00a0\u00bb\u00a0\u00bb i_icon_fontawesome=\u00a0\u00bbfa fa-phone\u00a0\u00bb i_color=\u00a0\u00bbwhite\u00a0\u00bb i_background_style=\u00a0\u00bbrounded\u00a0\u00bb i_background_color=\u00a0\u00bbcustom\u00a0\u00bb i_size=\u00a0\u00bbxs\u00a0\u00bb add_icon=\u00a0\u00bbtrue\u00a0\u00bb i_custom_background_color=\u00a0\u00bb#1099a7&Prime; css=\u00a0\u00bb.vc_custom_1562755242773{margin-bottom: 10px !important;}\u00a0\u00bb][vc_column_text]<\/p>\n<p style=\"text-align: center;\"><strong><a href=\"tel:\/\/+34937848950\">+34 937 848 950  <\/a><\/strong><\/p>\n<p>[\/vc_column_text][\/vc_column][\/vc_row][vc_row gap=\u00a0\u00bb30&Prime;][vc_column width=\u00a0\u00bb1\/2&Prime;][vc_empty_space height=\u00a0\u00bb20px\u00a0\u00bb][vc_column_text css=\u00a0\u00bb.vc_custom_1562568236999{margin-bottom: 15px !important;}\u00a0\u00bb]<\/p>\n<h2><span style=\"font-size: 18pt;\"><strong>Pourquoi choisir FADESA INGENIEROS ?<\/strong><\/span><\/h2>\n<p>[\/vc_column_text][vc_column_text]<a href=\"https:\/\/fadesaing.com\/fr\/\"><strong>FADESA ENGINEERS<\/strong><\/a> est une organisation sp\u00e9cialis\u00e9e dans la <strong>conception, le d\u00e9veloppement et l\u2019assemblage de cartes et d\u2019appareils \u00e9lectroniques<\/strong>, fond\u00e9e en 1985.<\/p>\n<p>Nous proposons un service partiel ou complet pour chacun des processus impliqu\u00e9s dans la fabrication du dispositif \u00e9lectronique. Notre d\u00e9partement d\u2019ing\u00e9nierie \u00e9lectronique est en mesure de r\u00e9pondre aux besoins de vos appareils \u00e9lectriques et \u00e9lectroniques.[\/vc_column_text][\/vc_column][vc_column width=\u00a0\u00bb1\/2&Prime;][vc_empty_space height=\u00a0\u00bb35px\u00a0\u00bb][vc_column_text]<strong><span style=\"font-size: 14pt;\"><img decoding=\"async\" class=\"wp-image-658 lazyload\" title=\"Coche verte\" data-src=\"https:\/\/fadesaing.com\/wp-content\/uploads\/2019\/06\/Tick-verde-300x220.png\" alt=\"Coche verte\" width=\"33\" height=\"24\" data-srcset=\"https:\/\/fadesaing.com\/wp-content\/uploads\/2019\/06\/Tick-verde-300x220.png 300w, https:\/\/fadesaing.com\/wp-content\/uploads\/2019\/06\/Tick-verde-768x564.png 768w, https:\/\/fadesaing.com\/wp-content\/uploads\/2019\/06\/Tick-verde-1024x752.png 1024w, https:\/\/fadesaing.com\/wp-content\/uploads\/2019\/06\/Tick-verde-830x609.png 830w, https:\/\/fadesaing.com\/wp-content\/uploads\/2019\/06\/Tick-verde-550x400.png 550w, https:\/\/fadesaing.com\/wp-content\/uploads\/2019\/06\/Tick-verde-230x169.png 230w, https:\/\/fadesaing.com\/wp-content\/uploads\/2019\/06\/Tick-verde-350x257.png 350w, https:\/\/fadesaing.com\/wp-content\/uploads\/2019\/06\/Tick-verde-480x352.png 480w, https:\/\/fadesaing.com\/wp-content\/uploads\/2019\/06\/Tick-verde.png 2000w\" data-sizes=\"(max-width: 33px) 100vw, 33px\" src=\"data:image\/svg+xml;base64,PHN2ZyB3aWR0aD0iMSIgaGVpZ2h0PSIxIiB4bWxucz0iaHR0cDovL3d3dy53My5vcmcvMjAwMC9zdmciPjwvc3ZnPg==\" style=\"--smush-placeholder-width: 33px; --smush-placeholder-aspect-ratio: 33\/24;\" \/> Confiance et exp\u00e9rience<\/span><\/strong><\/p>\n<p><strong><span style=\"font-size: 14pt;\"><img decoding=\"async\" class=\"wp-image-658 lazyload\" title=\"Coche verte\" data-src=\"https:\/\/fadesaing.com\/wp-content\/uploads\/2019\/06\/Tick-verde-300x220.png\" alt=\"Coche verte\" width=\"33\" height=\"24\" data-srcset=\"https:\/\/fadesaing.com\/wp-content\/uploads\/2019\/06\/Tick-verde-300x220.png 300w, https:\/\/fadesaing.com\/wp-content\/uploads\/2019\/06\/Tick-verde-768x564.png 768w, https:\/\/fadesaing.com\/wp-content\/uploads\/2019\/06\/Tick-verde-1024x752.png 1024w, https:\/\/fadesaing.com\/wp-content\/uploads\/2019\/06\/Tick-verde-830x609.png 830w, https:\/\/fadesaing.com\/wp-content\/uploads\/2019\/06\/Tick-verde-550x400.png 550w, https:\/\/fadesaing.com\/wp-content\/uploads\/2019\/06\/Tick-verde-230x169.png 230w, https:\/\/fadesaing.com\/wp-content\/uploads\/2019\/06\/Tick-verde-350x257.png 350w, https:\/\/fadesaing.com\/wp-content\/uploads\/2019\/06\/Tick-verde-480x352.png 480w, https:\/\/fadesaing.com\/wp-content\/uploads\/2019\/06\/Tick-verde.png 2000w\" data-sizes=\"(max-width: 33px) 100vw, 33px\" src=\"data:image\/svg+xml;base64,PHN2ZyB3aWR0aD0iMSIgaGVpZ2h0PSIxIiB4bWxucz0iaHR0cDovL3d3dy53My5vcmcvMjAwMC9zdmciPjwvc3ZnPg==\" style=\"--smush-placeholder-width: 33px; --smush-placeholder-aspect-ratio: 33\/24;\" \/> Garantie de qualit\u00e9<\/span><\/strong><\/p>\n<p><strong><span style=\"font-size: 14pt;\"><img decoding=\"async\" class=\"wp-image-658 lazyload\" title=\"Coche verte\" data-src=\"https:\/\/fadesaing.com\/wp-content\/uploads\/2019\/06\/Tick-verde-300x220.png\" alt=\"Coche verte\" width=\"33\" height=\"24\" data-srcset=\"https:\/\/fadesaing.com\/wp-content\/uploads\/2019\/06\/Tick-verde-300x220.png 300w, https:\/\/fadesaing.com\/wp-content\/uploads\/2019\/06\/Tick-verde-768x564.png 768w, https:\/\/fadesaing.com\/wp-content\/uploads\/2019\/06\/Tick-verde-1024x752.png 1024w, https:\/\/fadesaing.com\/wp-content\/uploads\/2019\/06\/Tick-verde-830x609.png 830w, https:\/\/fadesaing.com\/wp-content\/uploads\/2019\/06\/Tick-verde-550x400.png 550w, https:\/\/fadesaing.com\/wp-content\/uploads\/2019\/06\/Tick-verde-230x169.png 230w, https:\/\/fadesaing.com\/wp-content\/uploads\/2019\/06\/Tick-verde-350x257.png 350w, https:\/\/fadesaing.com\/wp-content\/uploads\/2019\/06\/Tick-verde-480x352.png 480w, https:\/\/fadesaing.com\/wp-content\/uploads\/2019\/06\/Tick-verde.png 2000w\" data-sizes=\"(max-width: 33px) 100vw, 33px\" src=\"data:image\/svg+xml;base64,PHN2ZyB3aWR0aD0iMSIgaGVpZ2h0PSIxIiB4bWxucz0iaHR0cDovL3d3dy53My5vcmcvMjAwMC9zdmciPjwvc3ZnPg==\" style=\"--smush-placeholder-width: 33px; --smush-placeholder-aspect-ratio: 33\/24;\" \/> Respect des d\u00e9lais de livraison<\/span><\/strong><\/p>\n<p><strong><span style=\"font-size: 14pt;\"><img decoding=\"async\" class=\"wp-image-658 lazyload\" title=\"Coche verte\" data-src=\"https:\/\/fadesaing.com\/wp-content\/uploads\/2019\/06\/Tick-verde-300x220.png\" alt=\"Coche verte\" width=\"33\" height=\"24\" data-srcset=\"https:\/\/fadesaing.com\/wp-content\/uploads\/2019\/06\/Tick-verde-300x220.png 300w, https:\/\/fadesaing.com\/wp-content\/uploads\/2019\/06\/Tick-verde-768x564.png 768w, https:\/\/fadesaing.com\/wp-content\/uploads\/2019\/06\/Tick-verde-1024x752.png 1024w, https:\/\/fadesaing.com\/wp-content\/uploads\/2019\/06\/Tick-verde-830x609.png 830w, https:\/\/fadesaing.com\/wp-content\/uploads\/2019\/06\/Tick-verde-550x400.png 550w, https:\/\/fadesaing.com\/wp-content\/uploads\/2019\/06\/Tick-verde-230x169.png 230w, https:\/\/fadesaing.com\/wp-content\/uploads\/2019\/06\/Tick-verde-350x257.png 350w, https:\/\/fadesaing.com\/wp-content\/uploads\/2019\/06\/Tick-verde-480x352.png 480w, https:\/\/fadesaing.com\/wp-content\/uploads\/2019\/06\/Tick-verde.png 2000w\" data-sizes=\"(max-width: 33px) 100vw, 33px\" src=\"data:image\/svg+xml;base64,PHN2ZyB3aWR0aD0iMSIgaGVpZ2h0PSIxIiB4bWxucz0iaHR0cDovL3d3dy53My5vcmcvMjAwMC9zdmciPjwvc3ZnPg==\" style=\"--smush-placeholder-width: 33px; --smush-placeholder-aspect-ratio: 33\/24;\" \/> Grande capacit\u00e9 d\u2019adaptation<\/span><\/strong>[\/vc_column_text][\/vc_column][\/vc_row]<\/p>\n","protected":false},"excerpt":{"rendered":"<p>[vc_row full_width=\u00a0\u00bbstretch_row_content\u00a0\u00bb gap=\u00a0\u00bb35&Prime; css=\u00a0\u00bb.vc_custom_1619445566503{padding-right: 150px !important;padding-left: 150px !important;background-position: center !important;background-repeat: no-repeat !important;background-size: cover !important;border-radius: 3px !important;}\u00a0\u00bb][vc_column width=\u00a0\u00bb1\/2&Prime; css=\u00a0\u00bb.vc_custom_1619445573517{margin-top: 0px !important;margin-right: [&hellip;]<\/p>\n","protected":false},"author":1,"featured_media":0,"parent":0,"menu_order":0,"comment_status":"closed","ping_status":"closed","template":"page-templates\/page_no-header-wide.php","meta":{"footnotes":""},"class_list":["post-2205","page","type-page","status-publish","hentry"],"yoast_head":"<!-- This site is optimized with the Yoast SEO plugin v26.3 - https:\/\/yoast.com\/wordpress\/plugins\/seo\/ -->\n<title>Fadesa Ingenieros | Contact | Conception et assemblage \u00e9lectroniques<\/title>\n<meta name=\"description\" content=\"FADESA INGENIEROS est une organisation sp\u00e9cialis\u00e9e dans la conception, le d\u00e9veloppement et l\u2019assemblage de circuits \u00e9lectroniques, fond\u00e9e en 1985.\" \/>\n<meta name=\"robots\" content=\"index, follow, max-snippet:-1, max-image-preview:large, max-video-preview:-1\" \/>\n<link rel=\"canonical\" href=\"https:\/\/fadesaing.com\/fr\/contacto\/\" \/>\n<meta property=\"og:locale\" content=\"fr_FR\" \/>\n<meta property=\"og:type\" content=\"article\" \/>\n<meta property=\"og:title\" content=\"Fadesa Ingenieros | Contact | Conception et assemblage \u00e9lectroniques\" \/>\n<meta property=\"og:description\" content=\"FADESA INGENIEROS est une organisation sp\u00e9cialis\u00e9e dans la conception, le d\u00e9veloppement et l\u2019assemblage de circuits \u00e9lectroniques, fond\u00e9e en 1985.\" \/>\n<meta property=\"og:url\" content=\"https:\/\/fadesaing.com\/fr\/contacto\/\" \/>\n<meta property=\"og:site_name\" content=\"FADESA INGENIEROS\" \/>\n<meta property=\"article:modified_time\" content=\"2025-05-20T21:20:09+00:00\" \/>\n<meta property=\"og:image\" content=\"https:\/\/fadesaing.com\/wp-content\/uploads\/2019\/06\/Tick-verde-300x220.png\" \/>\n<meta name=\"twitter:card\" content=\"summary_large_image\" \/>\n<script type=\"application\/ld+json\" class=\"yoast-schema-graph\">{\"@context\":\"https:\/\/schema.org\",\"@graph\":[{\"@type\":\"WebPage\",\"@id\":\"https:\/\/fadesaing.com\/fr\/contacto\/\",\"url\":\"https:\/\/fadesaing.com\/fr\/contacto\/\",\"name\":\"Fadesa Ingenieros | Contact | Conception et assemblage \u00e9lectroniques\",\"isPartOf\":{\"@id\":\"https:\/\/fadesaing.com\/fr\/#website\"},\"primaryImageOfPage\":{\"@id\":\"https:\/\/fadesaing.com\/fr\/contacto\/#primaryimage\"},\"image\":{\"@id\":\"https:\/\/fadesaing.com\/fr\/contacto\/#primaryimage\"},\"thumbnailUrl\":\"https:\/\/fadesaing.com\/wp-content\/uploads\/2019\/06\/Tick-verde-300x220.png\",\"datePublished\":\"2018-01-19T11:49:26+00:00\",\"dateModified\":\"2025-05-20T21:20:09+00:00\",\"description\":\"FADESA INGENIEROS est une organisation sp\u00e9cialis\u00e9e dans la conception, le d\u00e9veloppement et l\u2019assemblage de circuits \u00e9lectroniques, fond\u00e9e en 1985.\",\"breadcrumb\":{\"@id\":\"https:\/\/fadesaing.com\/fr\/contacto\/#breadcrumb\"},\"inLanguage\":\"fr-FR\",\"potentialAction\":[{\"@type\":\"ReadAction\",\"target\":[\"https:\/\/fadesaing.com\/fr\/contacto\/\"]}]},{\"@type\":\"ImageObject\",\"inLanguage\":\"fr-FR\",\"@id\":\"https:\/\/fadesaing.com\/fr\/contacto\/#primaryimage\",\"url\":\"https:\/\/fadesaing.com\/wp-content\/uploads\/2019\/06\/Tick-verde-300x220.png\",\"contentUrl\":\"https:\/\/fadesaing.com\/wp-content\/uploads\/2019\/06\/Tick-verde-300x220.png\"},{\"@type\":\"BreadcrumbList\",\"@id\":\"https:\/\/fadesaing.com\/fr\/contacto\/#breadcrumb\",\"itemListElement\":[{\"@type\":\"ListItem\",\"position\":1,\"name\":\"Portada\",\"item\":\"https:\/\/fadesaing.com\/fr\/\"},{\"@type\":\"ListItem\",\"position\":2,\"name\":\"Contact\"}]},{\"@type\":\"WebSite\",\"@id\":\"https:\/\/fadesaing.com\/fr\/#website\",\"url\":\"https:\/\/fadesaing.com\/fr\/\",\"name\":\"FADESA INGENIEROS\",\"description\":\"Organizaci\u00f3n especializada en el dise\u00f1o, montaje de circuitos electr\u00f3nicos, fabricaci\u00f3n de tarjetas y aparatos electr\u00f3nicos\",\"publisher\":{\"@id\":\"https:\/\/fadesaing.com\/fr\/#organization\"},\"potentialAction\":[{\"@type\":\"SearchAction\",\"target\":{\"@type\":\"EntryPoint\",\"urlTemplate\":\"https:\/\/fadesaing.com\/fr\/?s={search_term_string}\"},\"query-input\":{\"@type\":\"PropertyValueSpecification\",\"valueRequired\":true,\"valueName\":\"search_term_string\"}}],\"inLanguage\":\"fr-FR\"},{\"@type\":\"Organization\",\"@id\":\"https:\/\/fadesaing.com\/fr\/#organization\",\"name\":\"Fadesa Ingenieros, S.L.\",\"url\":\"https:\/\/fadesaing.com\/fr\/\",\"logo\":{\"@type\":\"ImageObject\",\"inLanguage\":\"fr-FR\",\"@id\":\"https:\/\/fadesaing.com\/fr\/#\/schema\/logo\/image\/\",\"url\":\"https:\/\/fadesaing.com\/wp-content\/uploads\/2018\/03\/favicon_icon.png\",\"contentUrl\":\"https:\/\/fadesaing.com\/wp-content\/uploads\/2018\/03\/favicon_icon.png\",\"width\":512,\"height\":512,\"caption\":\"Fadesa Ingenieros, S.L.\"},\"image\":{\"@id\":\"https:\/\/fadesaing.com\/fr\/#\/schema\/logo\/image\/\"}}]}<\/script>\n<!-- \/ Yoast SEO plugin. -->","yoast_head_json":{"title":"Fadesa Ingenieros | Contact | Conception et assemblage \u00e9lectroniques","description":"FADESA INGENIEROS est une organisation sp\u00e9cialis\u00e9e dans la conception, le d\u00e9veloppement et l\u2019assemblage de circuits \u00e9lectroniques, fond\u00e9e en 1985.","robots":{"index":"index","follow":"follow","max-snippet":"max-snippet:-1","max-image-preview":"max-image-preview:large","max-video-preview":"max-video-preview:-1"},"canonical":"https:\/\/fadesaing.com\/fr\/contacto\/","og_locale":"fr_FR","og_type":"article","og_title":"Fadesa Ingenieros | Contact | Conception et assemblage \u00e9lectroniques","og_description":"FADESA INGENIEROS est une organisation sp\u00e9cialis\u00e9e dans la conception, le d\u00e9veloppement et l\u2019assemblage de circuits \u00e9lectroniques, fond\u00e9e en 1985.","og_url":"https:\/\/fadesaing.com\/fr\/contacto\/","og_site_name":"FADESA INGENIEROS","article_modified_time":"2025-05-20T21:20:09+00:00","og_image":[{"url":"https:\/\/fadesaing.com\/wp-content\/uploads\/2019\/06\/Tick-verde-300x220.png","type":"","width":"","height":""}],"twitter_card":"summary_large_image","schema":{"@context":"https:\/\/schema.org","@graph":[{"@type":"WebPage","@id":"https:\/\/fadesaing.com\/fr\/contacto\/","url":"https:\/\/fadesaing.com\/fr\/contacto\/","name":"Fadesa Ingenieros | Contact | Conception et assemblage \u00e9lectroniques","isPartOf":{"@id":"https:\/\/fadesaing.com\/fr\/#website"},"primaryImageOfPage":{"@id":"https:\/\/fadesaing.com\/fr\/contacto\/#primaryimage"},"image":{"@id":"https:\/\/fadesaing.com\/fr\/contacto\/#primaryimage"},"thumbnailUrl":"https:\/\/fadesaing.com\/wp-content\/uploads\/2019\/06\/Tick-verde-300x220.png","datePublished":"2018-01-19T11:49:26+00:00","dateModified":"2025-05-20T21:20:09+00:00","description":"FADESA INGENIEROS est une organisation sp\u00e9cialis\u00e9e dans la conception, le d\u00e9veloppement et l\u2019assemblage de circuits \u00e9lectroniques, fond\u00e9e en 1985.","breadcrumb":{"@id":"https:\/\/fadesaing.com\/fr\/contacto\/#breadcrumb"},"inLanguage":"fr-FR","potentialAction":[{"@type":"ReadAction","target":["https:\/\/fadesaing.com\/fr\/contacto\/"]}]},{"@type":"ImageObject","inLanguage":"fr-FR","@id":"https:\/\/fadesaing.com\/fr\/contacto\/#primaryimage","url":"https:\/\/fadesaing.com\/wp-content\/uploads\/2019\/06\/Tick-verde-300x220.png","contentUrl":"https:\/\/fadesaing.com\/wp-content\/uploads\/2019\/06\/Tick-verde-300x220.png"},{"@type":"BreadcrumbList","@id":"https:\/\/fadesaing.com\/fr\/contacto\/#breadcrumb","itemListElement":[{"@type":"ListItem","position":1,"name":"Portada","item":"https:\/\/fadesaing.com\/fr\/"},{"@type":"ListItem","position":2,"name":"Contact"}]},{"@type":"WebSite","@id":"https:\/\/fadesaing.com\/fr\/#website","url":"https:\/\/fadesaing.com\/fr\/","name":"FADESA INGENIEROS","description":"Organizaci\u00f3n especializada en el dise\u00f1o, montaje de circuitos electr\u00f3nicos, fabricaci\u00f3n de tarjetas y aparatos electr\u00f3nicos","publisher":{"@id":"https:\/\/fadesaing.com\/fr\/#organization"},"potentialAction":[{"@type":"SearchAction","target":{"@type":"EntryPoint","urlTemplate":"https:\/\/fadesaing.com\/fr\/?s={search_term_string}"},"query-input":{"@type":"PropertyValueSpecification","valueRequired":true,"valueName":"search_term_string"}}],"inLanguage":"fr-FR"},{"@type":"Organization","@id":"https:\/\/fadesaing.com\/fr\/#organization","name":"Fadesa Ingenieros, S.L.","url":"https:\/\/fadesaing.com\/fr\/","logo":{"@type":"ImageObject","inLanguage":"fr-FR","@id":"https:\/\/fadesaing.com\/fr\/#\/schema\/logo\/image\/","url":"https:\/\/fadesaing.com\/wp-content\/uploads\/2018\/03\/favicon_icon.png","contentUrl":"https:\/\/fadesaing.com\/wp-content\/uploads\/2018\/03\/favicon_icon.png","width":512,"height":512,"caption":"Fadesa Ingenieros, S.L."},"image":{"@id":"https:\/\/fadesaing.com\/fr\/#\/schema\/logo\/image\/"}}]}},"_links":{"self":[{"href":"https:\/\/fadesaing.com\/fr\/wp-json\/wp\/v2\/pages\/2205","targetHints":{"allow":["GET"]}}],"collection":[{"href":"https:\/\/fadesaing.com\/fr\/wp-json\/wp\/v2\/pages"}],"about":[{"href":"https:\/\/fadesaing.com\/fr\/wp-json\/wp\/v2\/types\/page"}],"author":[{"embeddable":true,"href":"https:\/\/fadesaing.com\/fr\/wp-json\/wp\/v2\/users\/1"}],"replies":[{"embeddable":true,"href":"https:\/\/fadesaing.com\/fr\/wp-json\/wp\/v2\/comments?post=2205"}],"version-history":[{"count":19,"href":"https:\/\/fadesaing.com\/fr\/wp-json\/wp\/v2\/pages\/2205\/revisions"}],"predecessor-version":[{"id":2422,"href":"https:\/\/fadesaing.com\/fr\/wp-json\/wp\/v2\/pages\/2205\/revisions\/2422"}],"wp:attachment":[{"href":"https:\/\/fadesaing.com\/fr\/wp-json\/wp\/v2\/media?parent=2205"}],"curies":[{"name":"wp","href":"https:\/\/api.w.org\/{rel}","templated":true}]}}