{"id":2194,"date":"2018-01-19T11:22:47","date_gmt":"2018-01-19T11:22:47","guid":{"rendered":"https:\/\/fadesaing.com\/tropicalisation\/"},"modified":"2025-05-19T18:47:39","modified_gmt":"2025-05-19T18:47:39","slug":"tropicalisation","status":"publish","type":"page","link":"https:\/\/fadesaing.com\/fr\/tropicalisation\/","title":{"rendered":"Tropicalisation"},"content":{"rendered":"<p>[vc_row][vc_column width=\u00a0\u00bb1\/2&Prime;][vc_single_image image=\u00a0\u00bb2195&Prime; img_size=\u00a0\u00bbfull\u00a0\u00bb][\/vc_column][vc_column width=\u00a0\u00bb1\/2&Prime;][vc_column_text]Afin de prot\u00e9ger les cartes dans des environnements humides et\/ou corrosifs, nous disposons de machines pour l\u2019application de vernis et de silicones.[\/vc_column_text][\/vc_column][\/vc_row]<\/p>\n","protected":false},"excerpt":{"rendered":"<p>[vc_row][vc_column width=\u00a0\u00bb1\/2&Prime;][vc_single_image image=\u00a0\u00bb2195&Prime; img_size=\u00a0\u00bbfull\u00a0\u00bb][\/vc_column][vc_column width=\u00a0\u00bb1\/2&Prime;][vc_column_text]Afin de prot\u00e9ger les cartes dans des environnements humides et\/ou corrosifs, nous disposons de machines pour [&hellip;]<\/p>\n","protected":false},"author":1,"featured_media":0,"parent":0,"menu_order":0,"comment_status":"closed","ping_status":"closed","template":"page-templates\/page_fullwidth.php","meta":{"footnotes":""},"class_list":["post-2194","page","type-page","status-publish","hentry"],"yoast_head":"<!-- This site is optimized with the Yoast SEO plugin v26.3 - https:\/\/yoast.com\/wordpress\/plugins\/seo\/ -->\n<title>Tropicalisation pour circuits \u00e9lectroniques | Fadesa Ingenieros<\/title>\n<meta name=\"description\" content=\"Afin de prot\u00e9ger les cartes dans des environnements humides et\/ou corrosifs, nous disposons de machines pour l\u2019application de vernis et de silicones.\" \/>\n<meta name=\"robots\" content=\"index, follow, max-snippet:-1, max-image-preview:large, max-video-preview:-1\" \/>\n<link rel=\"canonical\" href=\"https:\/\/fadesaing.com\/fr\/tropicalisation\/\" \/>\n<meta property=\"og:locale\" content=\"fr_FR\" \/>\n<meta property=\"og:type\" content=\"article\" \/>\n<meta property=\"og:title\" content=\"Tropicalisation pour circuits \u00e9lectroniques | Fadesa Ingenieros\" \/>\n<meta property=\"og:description\" content=\"Afin de prot\u00e9ger les cartes dans des environnements humides et\/ou corrosifs, nous disposons de machines pour l\u2019application de vernis et de silicones.\" \/>\n<meta property=\"og:url\" content=\"https:\/\/fadesaing.com\/fr\/tropicalisation\/\" \/>\n<meta property=\"og:site_name\" content=\"FADESA INGENIEROS\" \/>\n<meta property=\"article:modified_time\" content=\"2025-05-19T18:47:39+00:00\" \/>\n<meta name=\"twitter:card\" content=\"summary_large_image\" \/>\n<script type=\"application\/ld+json\" class=\"yoast-schema-graph\">{\"@context\":\"https:\/\/schema.org\",\"@graph\":[{\"@type\":\"WebPage\",\"@id\":\"https:\/\/fadesaing.com\/fr\/tropicalisation\/\",\"url\":\"https:\/\/fadesaing.com\/fr\/tropicalisation\/\",\"name\":\"Tropicalisation pour circuits \u00e9lectroniques | Fadesa Ingenieros\",\"isPartOf\":{\"@id\":\"https:\/\/fadesaing.com\/fr\/#website\"},\"datePublished\":\"2018-01-19T11:22:47+00:00\",\"dateModified\":\"2025-05-19T18:47:39+00:00\",\"description\":\"Afin de prot\u00e9ger les cartes dans des environnements humides et\/ou corrosifs, nous disposons de machines pour l\u2019application de vernis et de silicones.\",\"breadcrumb\":{\"@id\":\"https:\/\/fadesaing.com\/fr\/tropicalisation\/#breadcrumb\"},\"inLanguage\":\"fr-FR\",\"potentialAction\":[{\"@type\":\"ReadAction\",\"target\":[\"https:\/\/fadesaing.com\/fr\/tropicalisation\/\"]}]},{\"@type\":\"BreadcrumbList\",\"@id\":\"https:\/\/fadesaing.com\/fr\/tropicalisation\/#breadcrumb\",\"itemListElement\":[{\"@type\":\"ListItem\",\"position\":1,\"name\":\"Portada\",\"item\":\"https:\/\/fadesaing.com\/fr\/\"},{\"@type\":\"ListItem\",\"position\":2,\"name\":\"Tropicalisation\"}]},{\"@type\":\"WebSite\",\"@id\":\"https:\/\/fadesaing.com\/fr\/#website\",\"url\":\"https:\/\/fadesaing.com\/fr\/\",\"name\":\"FADESA INGENIEROS\",\"description\":\"Organizaci\u00f3n especializada en el dise\u00f1o, montaje de circuitos electr\u00f3nicos, fabricaci\u00f3n de tarjetas y aparatos electr\u00f3nicos\",\"publisher\":{\"@id\":\"https:\/\/fadesaing.com\/fr\/#organization\"},\"potentialAction\":[{\"@type\":\"SearchAction\",\"target\":{\"@type\":\"EntryPoint\",\"urlTemplate\":\"https:\/\/fadesaing.com\/fr\/?s={search_term_string}\"},\"query-input\":{\"@type\":\"PropertyValueSpecification\",\"valueRequired\":true,\"valueName\":\"search_term_string\"}}],\"inLanguage\":\"fr-FR\"},{\"@type\":\"Organization\",\"@id\":\"https:\/\/fadesaing.com\/fr\/#organization\",\"name\":\"Fadesa Ingenieros, S.L.\",\"url\":\"https:\/\/fadesaing.com\/fr\/\",\"logo\":{\"@type\":\"ImageObject\",\"inLanguage\":\"fr-FR\",\"@id\":\"https:\/\/fadesaing.com\/fr\/#\/schema\/logo\/image\/\",\"url\":\"https:\/\/fadesaing.com\/wp-content\/uploads\/2018\/03\/favicon_icon.png\",\"contentUrl\":\"https:\/\/fadesaing.com\/wp-content\/uploads\/2018\/03\/favicon_icon.png\",\"width\":512,\"height\":512,\"caption\":\"Fadesa Ingenieros, S.L.\"},\"image\":{\"@id\":\"https:\/\/fadesaing.com\/fr\/#\/schema\/logo\/image\/\"}}]}<\/script>\n<!-- \/ Yoast SEO plugin. -->","yoast_head_json":{"title":"Tropicalisation pour circuits \u00e9lectroniques | Fadesa Ingenieros","description":"Afin de prot\u00e9ger les cartes dans des environnements humides et\/ou corrosifs, nous disposons de machines pour l\u2019application de vernis et de silicones.","robots":{"index":"index","follow":"follow","max-snippet":"max-snippet:-1","max-image-preview":"max-image-preview:large","max-video-preview":"max-video-preview:-1"},"canonical":"https:\/\/fadesaing.com\/fr\/tropicalisation\/","og_locale":"fr_FR","og_type":"article","og_title":"Tropicalisation pour circuits \u00e9lectroniques | Fadesa Ingenieros","og_description":"Afin de prot\u00e9ger les cartes dans des environnements humides et\/ou corrosifs, nous disposons de machines pour l\u2019application de vernis et de silicones.","og_url":"https:\/\/fadesaing.com\/fr\/tropicalisation\/","og_site_name":"FADESA INGENIEROS","article_modified_time":"2025-05-19T18:47:39+00:00","twitter_card":"summary_large_image","schema":{"@context":"https:\/\/schema.org","@graph":[{"@type":"WebPage","@id":"https:\/\/fadesaing.com\/fr\/tropicalisation\/","url":"https:\/\/fadesaing.com\/fr\/tropicalisation\/","name":"Tropicalisation pour circuits \u00e9lectroniques | Fadesa Ingenieros","isPartOf":{"@id":"https:\/\/fadesaing.com\/fr\/#website"},"datePublished":"2018-01-19T11:22:47+00:00","dateModified":"2025-05-19T18:47:39+00:00","description":"Afin de prot\u00e9ger les cartes dans des environnements humides et\/ou corrosifs, nous disposons de machines pour l\u2019application de vernis et de silicones.","breadcrumb":{"@id":"https:\/\/fadesaing.com\/fr\/tropicalisation\/#breadcrumb"},"inLanguage":"fr-FR","potentialAction":[{"@type":"ReadAction","target":["https:\/\/fadesaing.com\/fr\/tropicalisation\/"]}]},{"@type":"BreadcrumbList","@id":"https:\/\/fadesaing.com\/fr\/tropicalisation\/#breadcrumb","itemListElement":[{"@type":"ListItem","position":1,"name":"Portada","item":"https:\/\/fadesaing.com\/fr\/"},{"@type":"ListItem","position":2,"name":"Tropicalisation"}]},{"@type":"WebSite","@id":"https:\/\/fadesaing.com\/fr\/#website","url":"https:\/\/fadesaing.com\/fr\/","name":"FADESA INGENIEROS","description":"Organizaci\u00f3n especializada en el dise\u00f1o, montaje de circuitos electr\u00f3nicos, fabricaci\u00f3n de tarjetas y aparatos electr\u00f3nicos","publisher":{"@id":"https:\/\/fadesaing.com\/fr\/#organization"},"potentialAction":[{"@type":"SearchAction","target":{"@type":"EntryPoint","urlTemplate":"https:\/\/fadesaing.com\/fr\/?s={search_term_string}"},"query-input":{"@type":"PropertyValueSpecification","valueRequired":true,"valueName":"search_term_string"}}],"inLanguage":"fr-FR"},{"@type":"Organization","@id":"https:\/\/fadesaing.com\/fr\/#organization","name":"Fadesa Ingenieros, S.L.","url":"https:\/\/fadesaing.com\/fr\/","logo":{"@type":"ImageObject","inLanguage":"fr-FR","@id":"https:\/\/fadesaing.com\/fr\/#\/schema\/logo\/image\/","url":"https:\/\/fadesaing.com\/wp-content\/uploads\/2018\/03\/favicon_icon.png","contentUrl":"https:\/\/fadesaing.com\/wp-content\/uploads\/2018\/03\/favicon_icon.png","width":512,"height":512,"caption":"Fadesa Ingenieros, S.L."},"image":{"@id":"https:\/\/fadesaing.com\/fr\/#\/schema\/logo\/image\/"}}]}},"_links":{"self":[{"href":"https:\/\/fadesaing.com\/fr\/wp-json\/wp\/v2\/pages\/2194","targetHints":{"allow":["GET"]}}],"collection":[{"href":"https:\/\/fadesaing.com\/fr\/wp-json\/wp\/v2\/pages"}],"about":[{"href":"https:\/\/fadesaing.com\/fr\/wp-json\/wp\/v2\/types\/page"}],"author":[{"embeddable":true,"href":"https:\/\/fadesaing.com\/fr\/wp-json\/wp\/v2\/users\/1"}],"replies":[{"embeddable":true,"href":"https:\/\/fadesaing.com\/fr\/wp-json\/wp\/v2\/comments?post=2194"}],"version-history":[{"count":3,"href":"https:\/\/fadesaing.com\/fr\/wp-json\/wp\/v2\/pages\/2194\/revisions"}],"predecessor-version":[{"id":2198,"href":"https:\/\/fadesaing.com\/fr\/wp-json\/wp\/v2\/pages\/2194\/revisions\/2198"}],"wp:attachment":[{"href":"https:\/\/fadesaing.com\/fr\/wp-json\/wp\/v2\/media?parent=2194"}],"curies":[{"name":"wp","href":"https:\/\/api.w.org\/{rel}","templated":true}]}}