{"id":2074,"date":"2018-01-19T11:08:58","date_gmt":"2018-01-19T11:08:58","guid":{"rendered":"https:\/\/fadesaing.com\/secteurs-dactivite\/"},"modified":"2025-05-20T18:18:09","modified_gmt":"2025-05-20T18:18:09","slug":"secteurs-dactivite","status":"publish","type":"page","link":"https:\/\/fadesaing.com\/fr\/secteurs-dactivite\/","title":{"rendered":"Secteurs d\u2019activit\u00e9"},"content":{"rendered":"<p>[vc_row][vc_column width=\u00a0\u00bb1\/2&Prime;][vc_single_image image=\u00a0\u00bb364&Prime; img_size=\u00a0\u00bbfull\u00a0\u00bb][\/vc_column][vc_column width=\u00a0\u00bb1\/2&Prime;][vc_column_text]Tout au long du parcours de l\u2019entreprise, nous avons d\u00e9velopp\u00e9 et\/ou fabriqu\u00e9 plus de 150 produits destin\u00e9s \u00e0 la plupart des secteurs industriels. En voici quelques exemples : <\/p>\n<ul>\n<li>Terminaux point de vente (Bureautique)<\/li>\n<li>Destructeurs de documents (Bureautique)<\/li>\n<li>Lecteurs de codes-barres et de cartes magn\u00e9tiques (Identification)<\/li>\n<li>Terminaux de contr\u00f4le de pr\u00e9sence (Identification)<\/li>\n<li>Discriminateurs et limiteurs d\u2019appels t\u00e9l\u00e9phoniques (T\u00e9l\u00e9phonie)<\/li>\n<li>Protecteurs de lignes (T\u00e9l\u00e9phonie)<\/li>\n<li>Standards t\u00e9l\u00e9phoniques analogiques (T\u00e9l\u00e9phonie)<\/li>\n<li>Machines d\u2019emballage sous vide (Emballage)<\/li>\n<li>Terminal de donn\u00e9es pour automates (Industrie)<\/li>\n<li>Projecteurs intelligents (\u00c9clairage spectaculaire)<\/li>\n<li>Convertisseurs de donn\u00e9es (Communications et t\u00e9l\u00e9matique)<\/li>\n<li>Contr\u00f4leurs de moteurs \u00e0 explosion (Automobile)<\/li>\n<li>Cartes de contr\u00f4le Lecteurs pour parking (Parking)<\/li>\n<li>Feux de positionnement (\u00c9clairage)<\/li>\n<li>Contr\u00f4le des coffres-forts (S\u00e9curit\u00e9)<\/li>\n<li>Etc.<\/li>\n<\/ul>\n<p>[\/vc_column_text][\/vc_column][\/vc_row]<\/p>\n","protected":false},"excerpt":{"rendered":"<p>[vc_row][vc_column width=\u00a0\u00bb1\/2&Prime;][vc_single_image image=\u00a0\u00bb364&Prime; img_size=\u00a0\u00bbfull\u00a0\u00bb][\/vc_column][vc_column width=\u00a0\u00bb1\/2&Prime;][vc_column_text]Tout au long du parcours de l\u2019entreprise, nous avons d\u00e9velopp\u00e9 et\/ou fabriqu\u00e9 plus de 150 produits [&hellip;]<\/p>\n","protected":false},"author":1,"featured_media":0,"parent":0,"menu_order":0,"comment_status":"closed","ping_status":"closed","template":"page-templates\/page_fullwidth.php","meta":{"footnotes":""},"class_list":["post-2074","page","type-page","status-publish","hentry"],"yoast_head":"<!-- This site is optimized with the Yoast SEO plugin v26.3 - https:\/\/yoast.com\/wordpress\/plugins\/seo\/ -->\n<title>Secteurs d\u2019activit\u00e9 - FADESA INGENIEROS<\/title>\n<meta name=\"description\" content=\"Nous avons con\u00e7u et fabriqu\u00e9 plus de 150 produits destin\u00e9s \u00e0 de nombreux secteurs industriels au long de notre parcours.\" \/>\n<meta name=\"robots\" content=\"index, follow, max-snippet:-1, max-image-preview:large, max-video-preview:-1\" \/>\n<link rel=\"canonical\" href=\"https:\/\/fadesaing.com\/fr\/secteurs-dactivite\/\" \/>\n<meta property=\"og:locale\" content=\"fr_FR\" \/>\n<meta property=\"og:type\" content=\"article\" \/>\n<meta property=\"og:title\" content=\"Secteurs d\u2019activit\u00e9 - FADESA INGENIEROS\" \/>\n<meta property=\"og:description\" content=\"Nous avons con\u00e7u et fabriqu\u00e9 plus de 150 produits destin\u00e9s \u00e0 de nombreux secteurs industriels au long de notre parcours.\" \/>\n<meta property=\"og:url\" content=\"https:\/\/fadesaing.com\/fr\/secteurs-dactivite\/\" \/>\n<meta property=\"og:site_name\" content=\"FADESA INGENIEROS\" \/>\n<meta property=\"article:modified_time\" content=\"2025-05-20T18:18:09+00:00\" \/>\n<meta name=\"twitter:card\" content=\"summary_large_image\" \/>\n<script type=\"application\/ld+json\" class=\"yoast-schema-graph\">{\"@context\":\"https:\/\/schema.org\",\"@graph\":[{\"@type\":\"WebPage\",\"@id\":\"https:\/\/fadesaing.com\/fr\/secteurs-dactivite\/\",\"url\":\"https:\/\/fadesaing.com\/fr\/secteurs-dactivite\/\",\"name\":\"Secteurs d\u2019activit\u00e9 - FADESA INGENIEROS\",\"isPartOf\":{\"@id\":\"https:\/\/fadesaing.com\/fr\/#website\"},\"datePublished\":\"2018-01-19T11:08:58+00:00\",\"dateModified\":\"2025-05-20T18:18:09+00:00\",\"description\":\"Nous avons con\u00e7u et fabriqu\u00e9 plus de 150 produits destin\u00e9s \u00e0 de nombreux secteurs industriels au long de notre parcours.\",\"breadcrumb\":{\"@id\":\"https:\/\/fadesaing.com\/fr\/secteurs-dactivite\/#breadcrumb\"},\"inLanguage\":\"fr-FR\",\"potentialAction\":[{\"@type\":\"ReadAction\",\"target\":[\"https:\/\/fadesaing.com\/fr\/secteurs-dactivite\/\"]}]},{\"@type\":\"BreadcrumbList\",\"@id\":\"https:\/\/fadesaing.com\/fr\/secteurs-dactivite\/#breadcrumb\",\"itemListElement\":[{\"@type\":\"ListItem\",\"position\":1,\"name\":\"Portada\",\"item\":\"https:\/\/fadesaing.com\/fr\/\"},{\"@type\":\"ListItem\",\"position\":2,\"name\":\"Secteurs d\u2019activit\u00e9\"}]},{\"@type\":\"WebSite\",\"@id\":\"https:\/\/fadesaing.com\/fr\/#website\",\"url\":\"https:\/\/fadesaing.com\/fr\/\",\"name\":\"FADESA INGENIEROS\",\"description\":\"Organizaci\u00f3n especializada en el dise\u00f1o, montaje de circuitos electr\u00f3nicos, fabricaci\u00f3n de tarjetas y aparatos electr\u00f3nicos\",\"publisher\":{\"@id\":\"https:\/\/fadesaing.com\/fr\/#organization\"},\"potentialAction\":[{\"@type\":\"SearchAction\",\"target\":{\"@type\":\"EntryPoint\",\"urlTemplate\":\"https:\/\/fadesaing.com\/fr\/?s={search_term_string}\"},\"query-input\":{\"@type\":\"PropertyValueSpecification\",\"valueRequired\":true,\"valueName\":\"search_term_string\"}}],\"inLanguage\":\"fr-FR\"},{\"@type\":\"Organization\",\"@id\":\"https:\/\/fadesaing.com\/fr\/#organization\",\"name\":\"Fadesa Ingenieros, S.L.\",\"url\":\"https:\/\/fadesaing.com\/fr\/\",\"logo\":{\"@type\":\"ImageObject\",\"inLanguage\":\"fr-FR\",\"@id\":\"https:\/\/fadesaing.com\/fr\/#\/schema\/logo\/image\/\",\"url\":\"https:\/\/fadesaing.com\/wp-content\/uploads\/2018\/03\/favicon_icon.png\",\"contentUrl\":\"https:\/\/fadesaing.com\/wp-content\/uploads\/2018\/03\/favicon_icon.png\",\"width\":512,\"height\":512,\"caption\":\"Fadesa Ingenieros, S.L.\"},\"image\":{\"@id\":\"https:\/\/fadesaing.com\/fr\/#\/schema\/logo\/image\/\"}}]}<\/script>\n<!-- \/ Yoast SEO plugin. -->","yoast_head_json":{"title":"Secteurs d\u2019activit\u00e9 - FADESA INGENIEROS","description":"Nous avons con\u00e7u et fabriqu\u00e9 plus de 150 produits destin\u00e9s \u00e0 de nombreux secteurs industriels au long de notre parcours.","robots":{"index":"index","follow":"follow","max-snippet":"max-snippet:-1","max-image-preview":"max-image-preview:large","max-video-preview":"max-video-preview:-1"},"canonical":"https:\/\/fadesaing.com\/fr\/secteurs-dactivite\/","og_locale":"fr_FR","og_type":"article","og_title":"Secteurs d\u2019activit\u00e9 - FADESA INGENIEROS","og_description":"Nous avons con\u00e7u et fabriqu\u00e9 plus de 150 produits destin\u00e9s \u00e0 de nombreux secteurs industriels au long de notre parcours.","og_url":"https:\/\/fadesaing.com\/fr\/secteurs-dactivite\/","og_site_name":"FADESA INGENIEROS","article_modified_time":"2025-05-20T18:18:09+00:00","twitter_card":"summary_large_image","schema":{"@context":"https:\/\/schema.org","@graph":[{"@type":"WebPage","@id":"https:\/\/fadesaing.com\/fr\/secteurs-dactivite\/","url":"https:\/\/fadesaing.com\/fr\/secteurs-dactivite\/","name":"Secteurs d\u2019activit\u00e9 - FADESA INGENIEROS","isPartOf":{"@id":"https:\/\/fadesaing.com\/fr\/#website"},"datePublished":"2018-01-19T11:08:58+00:00","dateModified":"2025-05-20T18:18:09+00:00","description":"Nous avons con\u00e7u et fabriqu\u00e9 plus de 150 produits destin\u00e9s \u00e0 de nombreux secteurs industriels au long de notre parcours.","breadcrumb":{"@id":"https:\/\/fadesaing.com\/fr\/secteurs-dactivite\/#breadcrumb"},"inLanguage":"fr-FR","potentialAction":[{"@type":"ReadAction","target":["https:\/\/fadesaing.com\/fr\/secteurs-dactivite\/"]}]},{"@type":"BreadcrumbList","@id":"https:\/\/fadesaing.com\/fr\/secteurs-dactivite\/#breadcrumb","itemListElement":[{"@type":"ListItem","position":1,"name":"Portada","item":"https:\/\/fadesaing.com\/fr\/"},{"@type":"ListItem","position":2,"name":"Secteurs d\u2019activit\u00e9"}]},{"@type":"WebSite","@id":"https:\/\/fadesaing.com\/fr\/#website","url":"https:\/\/fadesaing.com\/fr\/","name":"FADESA INGENIEROS","description":"Organizaci\u00f3n especializada en el dise\u00f1o, montaje de circuitos electr\u00f3nicos, fabricaci\u00f3n de tarjetas y aparatos electr\u00f3nicos","publisher":{"@id":"https:\/\/fadesaing.com\/fr\/#organization"},"potentialAction":[{"@type":"SearchAction","target":{"@type":"EntryPoint","urlTemplate":"https:\/\/fadesaing.com\/fr\/?s={search_term_string}"},"query-input":{"@type":"PropertyValueSpecification","valueRequired":true,"valueName":"search_term_string"}}],"inLanguage":"fr-FR"},{"@type":"Organization","@id":"https:\/\/fadesaing.com\/fr\/#organization","name":"Fadesa Ingenieros, S.L.","url":"https:\/\/fadesaing.com\/fr\/","logo":{"@type":"ImageObject","inLanguage":"fr-FR","@id":"https:\/\/fadesaing.com\/fr\/#\/schema\/logo\/image\/","url":"https:\/\/fadesaing.com\/wp-content\/uploads\/2018\/03\/favicon_icon.png","contentUrl":"https:\/\/fadesaing.com\/wp-content\/uploads\/2018\/03\/favicon_icon.png","width":512,"height":512,"caption":"Fadesa Ingenieros, S.L."},"image":{"@id":"https:\/\/fadesaing.com\/fr\/#\/schema\/logo\/image\/"}}]}},"_links":{"self":[{"href":"https:\/\/fadesaing.com\/fr\/wp-json\/wp\/v2\/pages\/2074","targetHints":{"allow":["GET"]}}],"collection":[{"href":"https:\/\/fadesaing.com\/fr\/wp-json\/wp\/v2\/pages"}],"about":[{"href":"https:\/\/fadesaing.com\/fr\/wp-json\/wp\/v2\/types\/page"}],"author":[{"embeddable":true,"href":"https:\/\/fadesaing.com\/fr\/wp-json\/wp\/v2\/users\/1"}],"replies":[{"embeddable":true,"href":"https:\/\/fadesaing.com\/fr\/wp-json\/wp\/v2\/comments?post=2074"}],"version-history":[{"count":5,"href":"https:\/\/fadesaing.com\/fr\/wp-json\/wp\/v2\/pages\/2074\/revisions"}],"predecessor-version":[{"id":2366,"href":"https:\/\/fadesaing.com\/fr\/wp-json\/wp\/v2\/pages\/2074\/revisions\/2366"}],"wp:attachment":[{"href":"https:\/\/fadesaing.com\/fr\/wp-json\/wp\/v2\/media?parent=2074"}],"curies":[{"name":"wp","href":"https:\/\/api.w.org\/{rel}","templated":true}]}}