{"id":2070,"date":"2018-01-17T17:57:45","date_gmt":"2018-01-17T17:57:45","guid":{"rendered":"https:\/\/fadesaing.com\/assemblage-conventionnel-tht\/"},"modified":"2025-05-17T13:05:43","modified_gmt":"2025-05-17T13:05:43","slug":"assemblage-conventionnel-tht","status":"publish","type":"page","link":"https:\/\/fadesaing.com\/fr\/assemblage-conventionnel-tht\/","title":{"rendered":"Assemblage conventionnel (THT)"},"content":{"rendered":"<p>[vc_row][vc_column width=\u00a0\u00bb1\/2&Prime;][vc_single_image image=\u00a0\u00bb2071&Prime; img_size=\u00a0\u00bbfull\u00a0\u00bb][\/vc_column][vc_column width=\u00a0\u00bb1\/2&Prime;][vc_column_text]La technologie THT (Through-Hole Technology) ou assemblage conventionnel utilise des trous traversants dans la carte elle-m\u00eame, qui sont soud\u00e9s pour fixer les composants \u00e0 celle-ci.<\/p>\n<p>Ce type de technologie est de moins en moins utilis\u00e9, mais il offre d\u2019excellentes performances m\u00e9caniques entre le composant et la plaque. Il est donc actuellement utilis\u00e9 pour les composants qui n\u00e9cessitent une plus grande r\u00e9sistance lors de l\u2019assemblage ou qui sont de plus grande taille.<\/p>\n<p>Nous proc\u00e9dons \u00e0 l\u2019insertion des composants conventionnels, au soudage sur une ou deux faces et aux finitions manuelles.<\/p>\n<p>Chez FADESA INGENIEROS, nous utilisons des machines \u00e0 onde s\u00e9lective pour souder les composants une fois assembl\u00e9s, ce qui permet d\u2019obtenir une soudure pr\u00e9cise sans surchauffe des composants ni utilisation de moules.[\/vc_column_text][\/vc_column][\/vc_row]<\/p>\n","protected":false},"excerpt":{"rendered":"<p>[vc_row][vc_column width=\u00a0\u00bb1\/2&Prime;][vc_single_image image=\u00a0\u00bb2071&Prime; img_size=\u00a0\u00bbfull\u00a0\u00bb][\/vc_column][vc_column width=\u00a0\u00bb1\/2&Prime;][vc_column_text]La technologie THT (Through-Hole Technology) ou assemblage conventionnel utilise des trous traversants dans la carte elle-m\u00eame, [&hellip;]<\/p>\n","protected":false},"author":1,"featured_media":0,"parent":0,"menu_order":0,"comment_status":"closed","ping_status":"closed","template":"page-templates\/page_fullwidth.php","meta":{"footnotes":""},"class_list":["post-2070","page","type-page","status-publish","hentry"],"yoast_head":"<!-- This site is optimized with the Yoast SEO plugin v26.3 - https:\/\/yoast.com\/wordpress\/plugins\/seo\/ -->\n<title>Assemblage conventionnel (THT) - FADESA INGENIEROS<\/title>\n<meta name=\"description\" content=\"La technologie THT ou assemblage conventionnel utilise des trous traversants dans la plaque, finis par soudure, pour assembler les composants.\" \/>\n<meta name=\"robots\" content=\"index, follow, max-snippet:-1, max-image-preview:large, max-video-preview:-1\" \/>\n<link rel=\"canonical\" href=\"https:\/\/fadesaing.com\/fr\/assemblage-conventionnel-tht\/\" \/>\n<meta property=\"og:locale\" content=\"fr_FR\" \/>\n<meta property=\"og:type\" content=\"article\" \/>\n<meta property=\"og:title\" content=\"Assemblage conventionnel (THT) - FADESA INGENIEROS\" \/>\n<meta property=\"og:description\" content=\"La technologie THT ou assemblage conventionnel utilise des trous traversants dans la plaque, finis par soudure, pour assembler les composants.\" \/>\n<meta property=\"og:url\" content=\"https:\/\/fadesaing.com\/fr\/assemblage-conventionnel-tht\/\" \/>\n<meta property=\"og:site_name\" content=\"FADESA INGENIEROS\" \/>\n<meta property=\"article:modified_time\" content=\"2025-05-17T13:05:43+00:00\" \/>\n<meta name=\"twitter:card\" content=\"summary_large_image\" \/>\n<script type=\"application\/ld+json\" class=\"yoast-schema-graph\">{\"@context\":\"https:\/\/schema.org\",\"@graph\":[{\"@type\":\"WebPage\",\"@id\":\"https:\/\/fadesaing.com\/fr\/assemblage-conventionnel-tht\/\",\"url\":\"https:\/\/fadesaing.com\/fr\/assemblage-conventionnel-tht\/\",\"name\":\"Assemblage conventionnel (THT) - FADESA INGENIEROS\",\"isPartOf\":{\"@id\":\"https:\/\/fadesaing.com\/fr\/#website\"},\"datePublished\":\"2018-01-17T17:57:45+00:00\",\"dateModified\":\"2025-05-17T13:05:43+00:00\",\"description\":\"La technologie THT ou assemblage conventionnel utilise des trous traversants dans la plaque, finis par soudure, pour assembler les composants.\",\"breadcrumb\":{\"@id\":\"https:\/\/fadesaing.com\/fr\/assemblage-conventionnel-tht\/#breadcrumb\"},\"inLanguage\":\"fr-FR\",\"potentialAction\":[{\"@type\":\"ReadAction\",\"target\":[\"https:\/\/fadesaing.com\/fr\/assemblage-conventionnel-tht\/\"]}]},{\"@type\":\"BreadcrumbList\",\"@id\":\"https:\/\/fadesaing.com\/fr\/assemblage-conventionnel-tht\/#breadcrumb\",\"itemListElement\":[{\"@type\":\"ListItem\",\"position\":1,\"name\":\"Portada\",\"item\":\"https:\/\/fadesaing.com\/fr\/\"},{\"@type\":\"ListItem\",\"position\":2,\"name\":\"Assemblage conventionnel (THT)\"}]},{\"@type\":\"WebSite\",\"@id\":\"https:\/\/fadesaing.com\/fr\/#website\",\"url\":\"https:\/\/fadesaing.com\/fr\/\",\"name\":\"FADESA INGENIEROS\",\"description\":\"Organizaci\u00f3n especializada en el dise\u00f1o, montaje de circuitos electr\u00f3nicos, fabricaci\u00f3n de tarjetas y aparatos electr\u00f3nicos\",\"publisher\":{\"@id\":\"https:\/\/fadesaing.com\/fr\/#organization\"},\"potentialAction\":[{\"@type\":\"SearchAction\",\"target\":{\"@type\":\"EntryPoint\",\"urlTemplate\":\"https:\/\/fadesaing.com\/fr\/?s={search_term_string}\"},\"query-input\":{\"@type\":\"PropertyValueSpecification\",\"valueRequired\":true,\"valueName\":\"search_term_string\"}}],\"inLanguage\":\"fr-FR\"},{\"@type\":\"Organization\",\"@id\":\"https:\/\/fadesaing.com\/fr\/#organization\",\"name\":\"Fadesa Ingenieros, S.L.\",\"url\":\"https:\/\/fadesaing.com\/fr\/\",\"logo\":{\"@type\":\"ImageObject\",\"inLanguage\":\"fr-FR\",\"@id\":\"https:\/\/fadesaing.com\/fr\/#\/schema\/logo\/image\/\",\"url\":\"https:\/\/fadesaing.com\/wp-content\/uploads\/2018\/03\/favicon_icon.png\",\"contentUrl\":\"https:\/\/fadesaing.com\/wp-content\/uploads\/2018\/03\/favicon_icon.png\",\"width\":512,\"height\":512,\"caption\":\"Fadesa Ingenieros, S.L.\"},\"image\":{\"@id\":\"https:\/\/fadesaing.com\/fr\/#\/schema\/logo\/image\/\"}}]}<\/script>\n<!-- \/ Yoast SEO plugin. -->","yoast_head_json":{"title":"Assemblage conventionnel (THT) - FADESA INGENIEROS","description":"La technologie THT ou assemblage conventionnel utilise des trous traversants dans la plaque, finis par soudure, pour assembler les composants.","robots":{"index":"index","follow":"follow","max-snippet":"max-snippet:-1","max-image-preview":"max-image-preview:large","max-video-preview":"max-video-preview:-1"},"canonical":"https:\/\/fadesaing.com\/fr\/assemblage-conventionnel-tht\/","og_locale":"fr_FR","og_type":"article","og_title":"Assemblage conventionnel (THT) - FADESA INGENIEROS","og_description":"La technologie THT ou assemblage conventionnel utilise des trous traversants dans la plaque, finis par soudure, pour assembler les composants.","og_url":"https:\/\/fadesaing.com\/fr\/assemblage-conventionnel-tht\/","og_site_name":"FADESA INGENIEROS","article_modified_time":"2025-05-17T13:05:43+00:00","twitter_card":"summary_large_image","schema":{"@context":"https:\/\/schema.org","@graph":[{"@type":"WebPage","@id":"https:\/\/fadesaing.com\/fr\/assemblage-conventionnel-tht\/","url":"https:\/\/fadesaing.com\/fr\/assemblage-conventionnel-tht\/","name":"Assemblage conventionnel (THT) - FADESA INGENIEROS","isPartOf":{"@id":"https:\/\/fadesaing.com\/fr\/#website"},"datePublished":"2018-01-17T17:57:45+00:00","dateModified":"2025-05-17T13:05:43+00:00","description":"La technologie THT ou assemblage conventionnel utilise des trous traversants dans la plaque, finis par soudure, pour assembler les composants.","breadcrumb":{"@id":"https:\/\/fadesaing.com\/fr\/assemblage-conventionnel-tht\/#breadcrumb"},"inLanguage":"fr-FR","potentialAction":[{"@type":"ReadAction","target":["https:\/\/fadesaing.com\/fr\/assemblage-conventionnel-tht\/"]}]},{"@type":"BreadcrumbList","@id":"https:\/\/fadesaing.com\/fr\/assemblage-conventionnel-tht\/#breadcrumb","itemListElement":[{"@type":"ListItem","position":1,"name":"Portada","item":"https:\/\/fadesaing.com\/fr\/"},{"@type":"ListItem","position":2,"name":"Assemblage conventionnel (THT)"}]},{"@type":"WebSite","@id":"https:\/\/fadesaing.com\/fr\/#website","url":"https:\/\/fadesaing.com\/fr\/","name":"FADESA INGENIEROS","description":"Organizaci\u00f3n especializada en el dise\u00f1o, montaje de circuitos electr\u00f3nicos, fabricaci\u00f3n de tarjetas y aparatos electr\u00f3nicos","publisher":{"@id":"https:\/\/fadesaing.com\/fr\/#organization"},"potentialAction":[{"@type":"SearchAction","target":{"@type":"EntryPoint","urlTemplate":"https:\/\/fadesaing.com\/fr\/?s={search_term_string}"},"query-input":{"@type":"PropertyValueSpecification","valueRequired":true,"valueName":"search_term_string"}}],"inLanguage":"fr-FR"},{"@type":"Organization","@id":"https:\/\/fadesaing.com\/fr\/#organization","name":"Fadesa Ingenieros, S.L.","url":"https:\/\/fadesaing.com\/fr\/","logo":{"@type":"ImageObject","inLanguage":"fr-FR","@id":"https:\/\/fadesaing.com\/fr\/#\/schema\/logo\/image\/","url":"https:\/\/fadesaing.com\/wp-content\/uploads\/2018\/03\/favicon_icon.png","contentUrl":"https:\/\/fadesaing.com\/wp-content\/uploads\/2018\/03\/favicon_icon.png","width":512,"height":512,"caption":"Fadesa Ingenieros, S.L."},"image":{"@id":"https:\/\/fadesaing.com\/fr\/#\/schema\/logo\/image\/"}}]}},"_links":{"self":[{"href":"https:\/\/fadesaing.com\/fr\/wp-json\/wp\/v2\/pages\/2070","targetHints":{"allow":["GET"]}}],"collection":[{"href":"https:\/\/fadesaing.com\/fr\/wp-json\/wp\/v2\/pages"}],"about":[{"href":"https:\/\/fadesaing.com\/fr\/wp-json\/wp\/v2\/types\/page"}],"author":[{"embeddable":true,"href":"https:\/\/fadesaing.com\/fr\/wp-json\/wp\/v2\/users\/1"}],"replies":[{"embeddable":true,"href":"https:\/\/fadesaing.com\/fr\/wp-json\/wp\/v2\/comments?post=2070"}],"version-history":[{"count":2,"href":"https:\/\/fadesaing.com\/fr\/wp-json\/wp\/v2\/pages\/2070\/revisions"}],"predecessor-version":[{"id":2073,"href":"https:\/\/fadesaing.com\/fr\/wp-json\/wp\/v2\/pages\/2070\/revisions\/2073"}],"wp:attachment":[{"href":"https:\/\/fadesaing.com\/fr\/wp-json\/wp\/v2\/media?parent=2070"}],"curies":[{"name":"wp","href":"https:\/\/api.w.org\/{rel}","templated":true}]}}