{"id":2060,"date":"2018-01-17T17:41:50","date_gmt":"2018-01-17T17:41:50","guid":{"rendered":"https:\/\/fadesaing.com\/ingenierie-et-conception-de-nouveaux-produits\/"},"modified":"2025-05-16T19:38:27","modified_gmt":"2025-05-16T19:38:27","slug":"ingenierie-et-conception-de-nouveaux-produits","status":"publish","type":"page","link":"https:\/\/fadesaing.com\/fr\/ingenierie-et-conception-de-nouveaux-produits\/","title":{"rendered":"Ing\u00e9nierie et conception de nouveaux produits"},"content":{"rendered":"<p>[vc_row][vc_column width=\u00a0\u00bb1\/2&Prime;][vc_single_image image=\u00a0\u00bb372&Prime; img_size=\u00a0\u00bbfull\u00a0\u00bb][\/vc_column][vc_column width=\u00a0\u00bb1\/2&Prime;][vc_column_text]Notre service technique de R&amp;D s\u2019appuie sur une \u00e9quipe de personnes hautement qualifi\u00e9es.<\/p>\n<p>Malgr\u00e9 les changements technologiques constants dans le secteur, nous restons \u00e0 la pointe des nouvelles tendances et sommes en mesure d\u2019offrir les derni\u00e8res nouveaut\u00e9s \u00e0 nos clients.<\/p>\n<p>Nos services comprennent :<\/p>\n<ul>\n<li>Conseil technique<\/li>\n<li>Conception et d\u00e9veloppement d\u2019\u00e9quipements sur mesure (mat\u00e9riel et logiciels)<\/li>\n<li>Conception de circuits imprim\u00e9s en SMD et conventionnels (sch\u00e9mas et PCB) (simple, double et multicouche)<\/li>\n<li>D\u00e9veloppement d\u2019\u00e9quipements pour les essais<\/li>\n<li>Assistance pour les essais de certification<\/li>\n<\/ul>\n<p>[\/vc_column_text][\/vc_column][\/vc_row]<\/p>\n","protected":false},"excerpt":{"rendered":"<p>[vc_row][vc_column width=\u00a0\u00bb1\/2&Prime;][vc_single_image image=\u00a0\u00bb372&Prime; img_size=\u00a0\u00bbfull\u00a0\u00bb][\/vc_column][vc_column width=\u00a0\u00bb1\/2&Prime;][vc_column_text]Notre service technique de R&amp;D s\u2019appuie sur une \u00e9quipe de personnes hautement qualifi\u00e9es. Malgr\u00e9 les changements [&hellip;]<\/p>\n","protected":false},"author":1,"featured_media":0,"parent":0,"menu_order":0,"comment_status":"closed","ping_status":"closed","template":"page-templates\/page_fullwidth.php","meta":{"footnotes":""},"class_list":["post-2060","page","type-page","status-publish","hentry"],"yoast_head":"<!-- This site is optimized with the Yoast SEO plugin v26.3 - https:\/\/yoast.com\/wordpress\/plugins\/seo\/ -->\n<title>Ing\u00e9nierie et conception de nouveaux produits - FADESA INGENIEROS<\/title>\n<meta name=\"description\" content=\"Conception de circuits \u00e9lectroniques ; nous disposons d\u2019un service R&amp;D&amp;I compos\u00e9 d\u2019ing\u00e9nieurs et de techniciens hautement qualifi\u00e9s.\" \/>\n<meta name=\"robots\" content=\"index, follow, max-snippet:-1, max-image-preview:large, max-video-preview:-1\" \/>\n<link rel=\"canonical\" href=\"https:\/\/fadesaing.com\/fr\/ingenierie-et-conception-de-nouveaux-produits\/\" \/>\n<meta property=\"og:locale\" content=\"fr_FR\" \/>\n<meta property=\"og:type\" content=\"article\" \/>\n<meta property=\"og:title\" content=\"Ing\u00e9nierie et conception de nouveaux produits - FADESA INGENIEROS\" \/>\n<meta property=\"og:description\" content=\"Conception de circuits \u00e9lectroniques ; nous disposons d\u2019un service R&amp;D&amp;I compos\u00e9 d\u2019ing\u00e9nieurs et de techniciens hautement qualifi\u00e9s.\" \/>\n<meta property=\"og:url\" content=\"https:\/\/fadesaing.com\/fr\/ingenierie-et-conception-de-nouveaux-produits\/\" \/>\n<meta property=\"og:site_name\" content=\"FADESA INGENIEROS\" \/>\n<meta property=\"article:modified_time\" content=\"2025-05-16T19:38:27+00:00\" \/>\n<meta name=\"twitter:card\" content=\"summary_large_image\" \/>\n<script type=\"application\/ld+json\" class=\"yoast-schema-graph\">{\"@context\":\"https:\/\/schema.org\",\"@graph\":[{\"@type\":\"WebPage\",\"@id\":\"https:\/\/fadesaing.com\/fr\/ingenierie-et-conception-de-nouveaux-produits\/\",\"url\":\"https:\/\/fadesaing.com\/fr\/ingenierie-et-conception-de-nouveaux-produits\/\",\"name\":\"Ing\u00e9nierie et conception de nouveaux produits - FADESA INGENIEROS\",\"isPartOf\":{\"@id\":\"https:\/\/fadesaing.com\/fr\/#website\"},\"datePublished\":\"2018-01-17T17:41:50+00:00\",\"dateModified\":\"2025-05-16T19:38:27+00:00\",\"description\":\"Conception de circuits \u00e9lectroniques ; nous disposons d\u2019un service R&D&I compos\u00e9 d\u2019ing\u00e9nieurs et de techniciens hautement qualifi\u00e9s.\",\"breadcrumb\":{\"@id\":\"https:\/\/fadesaing.com\/fr\/ingenierie-et-conception-de-nouveaux-produits\/#breadcrumb\"},\"inLanguage\":\"fr-FR\",\"potentialAction\":[{\"@type\":\"ReadAction\",\"target\":[\"https:\/\/fadesaing.com\/fr\/ingenierie-et-conception-de-nouveaux-produits\/\"]}]},{\"@type\":\"BreadcrumbList\",\"@id\":\"https:\/\/fadesaing.com\/fr\/ingenierie-et-conception-de-nouveaux-produits\/#breadcrumb\",\"itemListElement\":[{\"@type\":\"ListItem\",\"position\":1,\"name\":\"Portada\",\"item\":\"https:\/\/fadesaing.com\/fr\/\"},{\"@type\":\"ListItem\",\"position\":2,\"name\":\"Ing\u00e9nierie et conception de nouveaux produits\"}]},{\"@type\":\"WebSite\",\"@id\":\"https:\/\/fadesaing.com\/fr\/#website\",\"url\":\"https:\/\/fadesaing.com\/fr\/\",\"name\":\"FADESA INGENIEROS\",\"description\":\"Organizaci\u00f3n especializada en el dise\u00f1o, montaje de circuitos electr\u00f3nicos, fabricaci\u00f3n de tarjetas y aparatos electr\u00f3nicos\",\"publisher\":{\"@id\":\"https:\/\/fadesaing.com\/fr\/#organization\"},\"potentialAction\":[{\"@type\":\"SearchAction\",\"target\":{\"@type\":\"EntryPoint\",\"urlTemplate\":\"https:\/\/fadesaing.com\/fr\/?s={search_term_string}\"},\"query-input\":{\"@type\":\"PropertyValueSpecification\",\"valueRequired\":true,\"valueName\":\"search_term_string\"}}],\"inLanguage\":\"fr-FR\"},{\"@type\":\"Organization\",\"@id\":\"https:\/\/fadesaing.com\/fr\/#organization\",\"name\":\"Fadesa Ingenieros, S.L.\",\"url\":\"https:\/\/fadesaing.com\/fr\/\",\"logo\":{\"@type\":\"ImageObject\",\"inLanguage\":\"fr-FR\",\"@id\":\"https:\/\/fadesaing.com\/fr\/#\/schema\/logo\/image\/\",\"url\":\"https:\/\/fadesaing.com\/wp-content\/uploads\/2018\/03\/favicon_icon.png\",\"contentUrl\":\"https:\/\/fadesaing.com\/wp-content\/uploads\/2018\/03\/favicon_icon.png\",\"width\":512,\"height\":512,\"caption\":\"Fadesa Ingenieros, S.L.\"},\"image\":{\"@id\":\"https:\/\/fadesaing.com\/fr\/#\/schema\/logo\/image\/\"}}]}<\/script>\n<!-- \/ Yoast SEO plugin. -->","yoast_head_json":{"title":"Ing\u00e9nierie et conception de nouveaux produits - FADESA INGENIEROS","description":"Conception de circuits \u00e9lectroniques ; nous disposons d\u2019un service R&D&I compos\u00e9 d\u2019ing\u00e9nieurs et de techniciens hautement qualifi\u00e9s.","robots":{"index":"index","follow":"follow","max-snippet":"max-snippet:-1","max-image-preview":"max-image-preview:large","max-video-preview":"max-video-preview:-1"},"canonical":"https:\/\/fadesaing.com\/fr\/ingenierie-et-conception-de-nouveaux-produits\/","og_locale":"fr_FR","og_type":"article","og_title":"Ing\u00e9nierie et conception de nouveaux produits - FADESA INGENIEROS","og_description":"Conception de circuits \u00e9lectroniques ; nous disposons d\u2019un service R&D&I compos\u00e9 d\u2019ing\u00e9nieurs et de techniciens hautement qualifi\u00e9s.","og_url":"https:\/\/fadesaing.com\/fr\/ingenierie-et-conception-de-nouveaux-produits\/","og_site_name":"FADESA INGENIEROS","article_modified_time":"2025-05-16T19:38:27+00:00","twitter_card":"summary_large_image","schema":{"@context":"https:\/\/schema.org","@graph":[{"@type":"WebPage","@id":"https:\/\/fadesaing.com\/fr\/ingenierie-et-conception-de-nouveaux-produits\/","url":"https:\/\/fadesaing.com\/fr\/ingenierie-et-conception-de-nouveaux-produits\/","name":"Ing\u00e9nierie et conception de nouveaux produits - FADESA INGENIEROS","isPartOf":{"@id":"https:\/\/fadesaing.com\/fr\/#website"},"datePublished":"2018-01-17T17:41:50+00:00","dateModified":"2025-05-16T19:38:27+00:00","description":"Conception de circuits \u00e9lectroniques ; nous disposons d\u2019un service R&D&I compos\u00e9 d\u2019ing\u00e9nieurs et de techniciens hautement qualifi\u00e9s.","breadcrumb":{"@id":"https:\/\/fadesaing.com\/fr\/ingenierie-et-conception-de-nouveaux-produits\/#breadcrumb"},"inLanguage":"fr-FR","potentialAction":[{"@type":"ReadAction","target":["https:\/\/fadesaing.com\/fr\/ingenierie-et-conception-de-nouveaux-produits\/"]}]},{"@type":"BreadcrumbList","@id":"https:\/\/fadesaing.com\/fr\/ingenierie-et-conception-de-nouveaux-produits\/#breadcrumb","itemListElement":[{"@type":"ListItem","position":1,"name":"Portada","item":"https:\/\/fadesaing.com\/fr\/"},{"@type":"ListItem","position":2,"name":"Ing\u00e9nierie et conception de nouveaux produits"}]},{"@type":"WebSite","@id":"https:\/\/fadesaing.com\/fr\/#website","url":"https:\/\/fadesaing.com\/fr\/","name":"FADESA INGENIEROS","description":"Organizaci\u00f3n especializada en el dise\u00f1o, montaje de circuitos electr\u00f3nicos, fabricaci\u00f3n de tarjetas y aparatos electr\u00f3nicos","publisher":{"@id":"https:\/\/fadesaing.com\/fr\/#organization"},"potentialAction":[{"@type":"SearchAction","target":{"@type":"EntryPoint","urlTemplate":"https:\/\/fadesaing.com\/fr\/?s={search_term_string}"},"query-input":{"@type":"PropertyValueSpecification","valueRequired":true,"valueName":"search_term_string"}}],"inLanguage":"fr-FR"},{"@type":"Organization","@id":"https:\/\/fadesaing.com\/fr\/#organization","name":"Fadesa Ingenieros, S.L.","url":"https:\/\/fadesaing.com\/fr\/","logo":{"@type":"ImageObject","inLanguage":"fr-FR","@id":"https:\/\/fadesaing.com\/fr\/#\/schema\/logo\/image\/","url":"https:\/\/fadesaing.com\/wp-content\/uploads\/2018\/03\/favicon_icon.png","contentUrl":"https:\/\/fadesaing.com\/wp-content\/uploads\/2018\/03\/favicon_icon.png","width":512,"height":512,"caption":"Fadesa Ingenieros, S.L."},"image":{"@id":"https:\/\/fadesaing.com\/fr\/#\/schema\/logo\/image\/"}}]}},"_links":{"self":[{"href":"https:\/\/fadesaing.com\/fr\/wp-json\/wp\/v2\/pages\/2060","targetHints":{"allow":["GET"]}}],"collection":[{"href":"https:\/\/fadesaing.com\/fr\/wp-json\/wp\/v2\/pages"}],"about":[{"href":"https:\/\/fadesaing.com\/fr\/wp-json\/wp\/v2\/types\/page"}],"author":[{"embeddable":true,"href":"https:\/\/fadesaing.com\/fr\/wp-json\/wp\/v2\/users\/1"}],"replies":[{"embeddable":true,"href":"https:\/\/fadesaing.com\/fr\/wp-json\/wp\/v2\/comments?post=2060"}],"version-history":[{"count":2,"href":"https:\/\/fadesaing.com\/fr\/wp-json\/wp\/v2\/pages\/2060\/revisions"}],"predecessor-version":[{"id":2062,"href":"https:\/\/fadesaing.com\/fr\/wp-json\/wp\/v2\/pages\/2060\/revisions\/2062"}],"wp:attachment":[{"href":"https:\/\/fadesaing.com\/fr\/wp-json\/wp\/v2\/media?parent=2060"}],"curies":[{"name":"wp","href":"https:\/\/api.w.org\/{rel}","templated":true}]}}