{"id":2020,"date":"2019-05-06T14:20:16","date_gmt":"2019-05-06T14:20:16","guid":{"rendered":"https:\/\/fadesaing.com\/privacy-policy\/"},"modified":"2019-05-06T14:20:16","modified_gmt":"2019-05-06T14:20:16","slug":"privacy-policy","status":"publish","type":"page","link":"https:\/\/fadesaing.com\/en\/privacy-policy\/","title":{"rendered":"Privacy Policy"},"content":{"rendered":"<div id=\"clickdatos\">\n<ol>\n<li><strong>User information<\/strong><\/li>\n<\/ol>\n<p>FADESA INGENIEROS, S.L., hereinafter RESPONSIBLE, informs users of the website about its policy regarding the processing and protection of personal data of users and customers that may be collected through browsing or contracting services through its website.<\/p>\n<p>In this regard, the RESPONSIBLE guarantees compliance with current regulations on personal data protection, as reflected in Organic Law 3\/2018, of December 5, on Personal Data Protection and Guarantee of Digital Rights (LOPD GDD). It also complies with Regulation (EU) 2016\/679 of the European Parliament and of the Council of April 27, 2016, on the protection of natural persons (GDPR). <\/p>\n<p>Use of this website implies acceptance of this privacy policy.<\/p>\n<ol start=\"2\">\n<li><strong>Data collection, purpose, and processing<\/strong><\/li>\n<\/ol>\n<p>The RESPONSIBLE has the duty to inform users of its website about the collection of personal data that may be carried out, either by sending emails or by filling in the forms included on the website. In this regard, the RESPONSIBLE will be considered responsible for the data collected through the means described above. <\/p>\n<p>In turn, the RESPONSIBLE informs users that the purpose of processing the data collected includes: Responding to requests made by users, inclusion in the contact list, provision of services, and management of the commercial relationship.<\/p>\n<p>Operations, procedures, and technical processes carried out automatically or non-automatically that enable the collection, storage, modification, transfer, and other actions on personal data are considered personal data processing.<\/p>\n<ol start=\"3\">\n<li><strong>Disclosure of information to third parties<\/strong><\/li>\n<\/ol>\n<p>The RESPONSIBLE informs users that their personal data will not be transferred to third parties, except when such transfer is covered by a legal obligation or when the provision of a service requires a contractual relationship with a data processor. In the latter case, data will only be transferred to the third party when the RESPONSIBLE has the express consent of the user. <\/p>\n<ol start=\"4\">\n<li><strong>User rights<\/strong><\/li>\n<\/ol>\n<p>Organic Law 15\/1999, of December 13, on the Protection of Personal Data grants interested parties the possibility of exercising a series of rights related to the processing of their personal data. Insofar as the user&#8217;s data is processed by the RESPONSIBLE, users may exercise their rights of access, rectification, cancellation, and opposition in accordance with the provisions of current legislation on the protection of personal data.  <\/p>\n<p>To exercise these rights, users must send a written communication, providing documentation proving their identity (ID card or passport), to the following address:<\/p>\n<p>FADESA INGENIEROS, S.L.<\/p>\n<p>C\/ RAMON Y CAJAL, 251-253 Bajos<\/p>\n<p>08223<\/p>\n<p>TERRASSA, BARCELONA<\/p>\n<p>Or the address that is replaced in the General Data Protection Register.<\/p>\n<p>This communication must include the following information: User\u2019s first and last names, the request, the address, and supporting documentation.<\/p>\n<p>The exercise of rights must be carried out by the user themselves. However, they may be exercised by a person authorized as the legal representative of the authorized party. In this case, documentation proving this representation of the interested party must be provided.  <\/p>\n<\/div>\n","protected":false},"excerpt":{"rendered":"<p>User information FADESA INGENIEROS, S.L., hereinafter RESPONSIBLE, informs users of the website about its policy regarding the processing and protection [&hellip;]<\/p>\n","protected":false},"author":1,"featured_media":0,"parent":0,"menu_order":0,"comment_status":"closed","ping_status":"closed","template":"page-templates\/page_fullwidth.php","meta":{"footnotes":""},"class_list":["post-2020","page","type-page","status-publish","hentry"],"yoast_head":"<!-- This site is optimized with the Yoast SEO plugin v26.3 - https:\/\/yoast.com\/wordpress\/plugins\/seo\/ -->\n<title>Privacy Policy - FADESA INGENIEROS<\/title>\n<meta name=\"robots\" content=\"index, follow, max-snippet:-1, max-image-preview:large, max-video-preview:-1\" \/>\n<link rel=\"canonical\" href=\"https:\/\/fadesaing.com\/en\/privacy-policy\/\" \/>\n<meta property=\"og:locale\" content=\"en_US\" \/>\n<meta property=\"og:type\" content=\"article\" \/>\n<meta property=\"og:title\" content=\"Privacy Policy - FADESA INGENIEROS\" \/>\n<meta property=\"og:description\" content=\"User information FADESA INGENIEROS, S.L., hereinafter RESPONSIBLE, informs users of the website about its policy regarding the processing and protection [&hellip;]\" \/>\n<meta property=\"og:url\" content=\"https:\/\/fadesaing.com\/en\/privacy-policy\/\" \/>\n<meta property=\"og:site_name\" content=\"FADESA INGENIEROS\" \/>\n<meta name=\"twitter:card\" content=\"summary_large_image\" \/>\n<script type=\"application\/ld+json\" class=\"yoast-schema-graph\">{\"@context\":\"https:\/\/schema.org\",\"@graph\":[{\"@type\":\"WebPage\",\"@id\":\"https:\/\/fadesaing.com\/en\/privacy-policy\/\",\"url\":\"https:\/\/fadesaing.com\/en\/privacy-policy\/\",\"name\":\"Privacy Policy - FADESA INGENIEROS\",\"isPartOf\":{\"@id\":\"https:\/\/fadesaing.com\/en\/#website\"},\"datePublished\":\"2019-05-06T14:20:16+00:00\",\"breadcrumb\":{\"@id\":\"https:\/\/fadesaing.com\/en\/privacy-policy\/#breadcrumb\"},\"inLanguage\":\"en-US\",\"potentialAction\":[{\"@type\":\"ReadAction\",\"target\":[\"https:\/\/fadesaing.com\/en\/privacy-policy\/\"]}]},{\"@type\":\"BreadcrumbList\",\"@id\":\"https:\/\/fadesaing.com\/en\/privacy-policy\/#breadcrumb\",\"itemListElement\":[{\"@type\":\"ListItem\",\"position\":1,\"name\":\"Portada\",\"item\":\"https:\/\/fadesaing.com\/en\/\"},{\"@type\":\"ListItem\",\"position\":2,\"name\":\"Privacy Policy\"}]},{\"@type\":\"WebSite\",\"@id\":\"https:\/\/fadesaing.com\/en\/#website\",\"url\":\"https:\/\/fadesaing.com\/en\/\",\"name\":\"FADESA INGENIEROS\",\"description\":\"Organizaci\u00f3n especializada en el dise\u00f1o, montaje de circuitos electr\u00f3nicos, fabricaci\u00f3n de tarjetas y aparatos electr\u00f3nicos\",\"publisher\":{\"@id\":\"https:\/\/fadesaing.com\/en\/#organization\"},\"potentialAction\":[{\"@type\":\"SearchAction\",\"target\":{\"@type\":\"EntryPoint\",\"urlTemplate\":\"https:\/\/fadesaing.com\/en\/?s={search_term_string}\"},\"query-input\":{\"@type\":\"PropertyValueSpecification\",\"valueRequired\":true,\"valueName\":\"search_term_string\"}}],\"inLanguage\":\"en-US\"},{\"@type\":\"Organization\",\"@id\":\"https:\/\/fadesaing.com\/en\/#organization\",\"name\":\"Fadesa Ingenieros, S.L.\",\"url\":\"https:\/\/fadesaing.com\/en\/\",\"logo\":{\"@type\":\"ImageObject\",\"inLanguage\":\"en-US\",\"@id\":\"https:\/\/fadesaing.com\/en\/#\/schema\/logo\/image\/\",\"url\":\"https:\/\/fadesaing.com\/wp-content\/uploads\/2018\/03\/favicon_icon.png\",\"contentUrl\":\"https:\/\/fadesaing.com\/wp-content\/uploads\/2018\/03\/favicon_icon.png\",\"width\":512,\"height\":512,\"caption\":\"Fadesa Ingenieros, S.L.\"},\"image\":{\"@id\":\"https:\/\/fadesaing.com\/en\/#\/schema\/logo\/image\/\"}}]}<\/script>\n<!-- \/ Yoast SEO plugin. -->","yoast_head_json":{"title":"Privacy Policy - FADESA INGENIEROS","robots":{"index":"index","follow":"follow","max-snippet":"max-snippet:-1","max-image-preview":"max-image-preview:large","max-video-preview":"max-video-preview:-1"},"canonical":"https:\/\/fadesaing.com\/en\/privacy-policy\/","og_locale":"en_US","og_type":"article","og_title":"Privacy Policy - FADESA INGENIEROS","og_description":"User information FADESA INGENIEROS, S.L., hereinafter RESPONSIBLE, informs users of the website about its policy regarding the processing and protection [&hellip;]","og_url":"https:\/\/fadesaing.com\/en\/privacy-policy\/","og_site_name":"FADESA INGENIEROS","twitter_card":"summary_large_image","schema":{"@context":"https:\/\/schema.org","@graph":[{"@type":"WebPage","@id":"https:\/\/fadesaing.com\/en\/privacy-policy\/","url":"https:\/\/fadesaing.com\/en\/privacy-policy\/","name":"Privacy Policy - FADESA INGENIEROS","isPartOf":{"@id":"https:\/\/fadesaing.com\/en\/#website"},"datePublished":"2019-05-06T14:20:16+00:00","breadcrumb":{"@id":"https:\/\/fadesaing.com\/en\/privacy-policy\/#breadcrumb"},"inLanguage":"en-US","potentialAction":[{"@type":"ReadAction","target":["https:\/\/fadesaing.com\/en\/privacy-policy\/"]}]},{"@type":"BreadcrumbList","@id":"https:\/\/fadesaing.com\/en\/privacy-policy\/#breadcrumb","itemListElement":[{"@type":"ListItem","position":1,"name":"Portada","item":"https:\/\/fadesaing.com\/en\/"},{"@type":"ListItem","position":2,"name":"Privacy Policy"}]},{"@type":"WebSite","@id":"https:\/\/fadesaing.com\/en\/#website","url":"https:\/\/fadesaing.com\/en\/","name":"FADESA INGENIEROS","description":"Organizaci\u00f3n especializada en el dise\u00f1o, montaje de circuitos electr\u00f3nicos, fabricaci\u00f3n de tarjetas y aparatos electr\u00f3nicos","publisher":{"@id":"https:\/\/fadesaing.com\/en\/#organization"},"potentialAction":[{"@type":"SearchAction","target":{"@type":"EntryPoint","urlTemplate":"https:\/\/fadesaing.com\/en\/?s={search_term_string}"},"query-input":{"@type":"PropertyValueSpecification","valueRequired":true,"valueName":"search_term_string"}}],"inLanguage":"en-US"},{"@type":"Organization","@id":"https:\/\/fadesaing.com\/en\/#organization","name":"Fadesa Ingenieros, S.L.","url":"https:\/\/fadesaing.com\/en\/","logo":{"@type":"ImageObject","inLanguage":"en-US","@id":"https:\/\/fadesaing.com\/en\/#\/schema\/logo\/image\/","url":"https:\/\/fadesaing.com\/wp-content\/uploads\/2018\/03\/favicon_icon.png","contentUrl":"https:\/\/fadesaing.com\/wp-content\/uploads\/2018\/03\/favicon_icon.png","width":512,"height":512,"caption":"Fadesa Ingenieros, S.L."},"image":{"@id":"https:\/\/fadesaing.com\/en\/#\/schema\/logo\/image\/"}}]}},"_links":{"self":[{"href":"https:\/\/fadesaing.com\/en\/wp-json\/wp\/v2\/pages\/2020","targetHints":{"allow":["GET"]}}],"collection":[{"href":"https:\/\/fadesaing.com\/en\/wp-json\/wp\/v2\/pages"}],"about":[{"href":"https:\/\/fadesaing.com\/en\/wp-json\/wp\/v2\/types\/page"}],"author":[{"embeddable":true,"href":"https:\/\/fadesaing.com\/en\/wp-json\/wp\/v2\/users\/1"}],"replies":[{"embeddable":true,"href":"https:\/\/fadesaing.com\/en\/wp-json\/wp\/v2\/comments?post=2020"}],"version-history":[{"count":0,"href":"https:\/\/fadesaing.com\/en\/wp-json\/wp\/v2\/pages\/2020\/revisions"}],"wp:attachment":[{"href":"https:\/\/fadesaing.com\/en\/wp-json\/wp\/v2\/media?parent=2020"}],"curies":[{"name":"wp","href":"https:\/\/api.w.org\/{rel}","templated":true}]}}