{"id":2017,"date":"2019-05-06T14:20:16","date_gmt":"2019-05-06T14:20:16","guid":{"rendered":"https:\/\/fadesaing.com\/legal-notices\/"},"modified":"2019-05-06T14:20:16","modified_gmt":"2019-05-06T14:20:16","slug":"legal-notices","status":"publish","type":"page","link":"https:\/\/fadesaing.com\/en\/legal-notices\/","title":{"rendered":"Legal Notices"},"content":{"rendered":"<p>This Legal Notice regulates the general conditions of access and use of the website accessible at the URL https:\/\/fadesaing.com (hereinafter, the website), which FADESA INGENIEROS, S.L. makes available to Internet users.<\/p>\n<div id=\"clickdatos\">\n<p>Use of the website implies full and unreserved acceptance of each and every one of the provisions included in this Legal Notice. Consequently, users of the website must carefully read this Legal Notice each time they intend to use the website, as the text may be modified at the discretion of the website owner, or due to changes in legislation, case law or business practice. <\/p>\n<h2><span style=\"font-size: 14pt;\">1.- WEBSITE OWNERSHIP.<\/span><\/h2>\n<p>Company name: FADESA INGENIEROS, S.L.<br \/>\nTax ID number: B58035668<br \/>\nRegistered office: Calle Ram\u00f3n y Cajal, 251-253 Bajos<br \/>\nTown: Terrassa<br \/>\nProvince: Barcelona<br \/>\nZip code: 08223<br \/>\nPhone: 937848950<br \/>\nEmail: info@fadesaing.com<\/p>\n<h2><span style=\"font-size: 14pt;\">2.- PURPOSE.<\/span><\/h2>\n<p>The website provides users with access to information and services provided by FADESA INGENIEROS, S.L. to those individuals or organizations interested in them.<\/p>\n<h2><span style=\"font-size: 14pt;\">3.- ACCESS AND USE OF THE WEBSITE.<\/span><\/h2>\n<p>3.1.- Free access and use of the website.<br \/>\nAccess to the website is free for users.<br \/>\n3.2.- User registration.<br \/>\nIn general, access to and use of the website does not require prior subscription or registration by users.<\/p>\n<h2><span style=\"font-size: 14pt;\">4.- WEB CONTENT.<\/span><\/h2>\n<p>The language used by the owner on the website will be Spanish. FADESA INGENIEROS, S.L. is not responsible for the user\u2019s lack of understanding or comprehension of the language of the website, nor for any consequences thereof.<br \/>\nFADESA INGENIEROS, S.L. may modify the contents without prior notice, as well as delete and change them within the website, including the way in which they are accessed, without justification and freely, and shall not be liable for any consequences that this may cause to users.<br \/>\nThe use of the contents of the website to promote, contract or disseminate advertising or information of one\u2019s own or of third parties without the authorization of FADESA INGENIEROS, S.L. is prohibited, as is sending advertising or information using the services or information made available to users, regardless of whether the use is free or not.<br \/>\nAny links or hyperlinks incorporated by third parties on their websites, directed to this website, shall be for the purpose of opening the entire website, and may not express, directly or indirectly, false, inaccurate, or confusing information, nor engage in unfair or illegal actions against FADESA INGENIEROS, S.L.<\/p>\n<h2><span style=\"font-size: 14pt;\">5.- LIMITATION OF LIABILITY.<\/span><\/h2>\n<p>Both access to the website and any unauthorized use of the information contained therein is the sole responsibility of the user. FADESA INGENIEROS, S.L., shall not be liable for any consequences, damage, or harm that may arise from such access or use. FADESA INGENIEROS, S.L., is not responsible for any security errors that may occur or for any damage that may be caused to the user\u2019s computer system (hardware and software) or to the files or documents stored therein because of:<br \/>\n\u2013 the presence of a virus on the user&#8217;s computer that is used to connect to the services and content of the website,<br \/>\n\u2013 a malfunction of the browser,<br \/>\n\u2013 and\/or the use of outdated versions of the same.<br \/>\nFADESA INGENIEROS, S.L. is not responsible for the reliability and speed of hyperlinks incorporated into the website for opening other websites. FADESA INGENIEROS, S.L., does not guarantee the usefulness of these links, nor is it responsible for the content or services that the user may access through these links, nor for the proper functioning of these websites.<br \/>\nFADESA INGENIEROS, S.L., shall not be liable for viruses or other computer programs that damage or may damage the computer systems or equipment of users when accessing its website or other websites accessed through links on this website. <\/p>\n<h2><span style=\"font-size: 14pt;\">6.- USE OF \u201cCOOKIE\u201d TECHNOLOGY.<\/span><\/h2>\n<p>The website uses cookies. You can check our <a href=\"https:\/\/fadesaing.com\/politica-de-cookies\/\">Cookies Policy<\/a>, which respects your confidentiality and privacy at all times.<\/p>\n<h2><span style=\"font-size: 14pt;\">7.- INTELLECTUAL AND INDUSTRIAL PROPERTY.<\/span><\/h2>\n<p>All industrial and intellectual property rights of the website and its contents are owned by FADESA INGENIEROS, S.L. Any use of the website or its contents must be exclusively for personal use. Any other use involving copying, reproduction, distribution, transformation, public communication, or any other similar action of all or part of the contents of the website is reserved exclusively to FADESA INGENIEROS, S.L., and therefore no user may carry out these actions without the prior written authorization of FADESA INGENIEROS, S.L.  <\/p>\n<h2><span style=\"font-size: 14pt;\"> 8.- PRIVACY AND DATA PROTECTION POLICY<\/span><\/h2>\n<p>FADESA INGENIEROS, S.L. guarantees the protection and confidentiality of personal data of any kind provided to us by our client companies in accordance with the provisions of Organic Law 15\/1999, of December 13, on the Protection of Personal Data.<br \/>\nAll data provided by our client companies to FADESA INGENIEROS, S.L. or its staff will be included in an automated personal data file created and maintained under the responsibility of FADESA INGENIEROS, S.L., which is essential for providing the services requested by users.<br \/>\nThe data provided will be processed in accordance with the Security Measures Regulation (Royal Decree 1720\/2007 of December 21). In this regard, FADESA INGENIEROS, S.L. has adopted the legally required levels of protection and has installed all technical measures within its power to prevent loss, misuse, alteration, and unauthorized access by third parties. However, users should be aware that security measures on the Internet are not impregnable. If you consider it appropriate for your personal data to be transferred to other entities, you will be informed of the data transferred, the purpose of the file, and the name and address of the transferee, so that you can give your unequivocal consent.<br \/>\nIn compliance with the provisions of the GDPR, users may exercise their rights of access, rectification, cancellation, and opposition. To do so, please contact us at info@fadesaing.com.   <\/p>\n<h2><span style=\"font-size: 14pt;\">9.- APPLICABLE LAW AND COMPETENT JURISDICTION.<\/span><\/h2>\n<p>This Legal Notice shall be interpreted and governed in accordance with Spanish law. FADESA INGENIEROS, S.L. and users, expressly waiving any other jurisdiction that may apply, submit to the courts and tribunals of the user&#8217;s domicile for any dispute that may arise from access to or use of the website. If the user is domiciled outside Spain, FADESA INGENIEROS, S.L. and the user submit, expressly waiving any other jurisdiction, to the courts and tribunals of the domicile of FADESA INGENIEROS, S.L.  <\/p>\n<\/div>\n","protected":false},"excerpt":{"rendered":"<p>This Legal Notice regulates the general conditions of access and use of the website accessible at the URL https:\/\/fadesaing.com (hereinafter, [&hellip;]<\/p>\n","protected":false},"author":1,"featured_media":0,"parent":0,"menu_order":0,"comment_status":"closed","ping_status":"closed","template":"page-templates\/page_fullwidth.php","meta":{"footnotes":""},"class_list":["post-2017","page","type-page","status-publish","hentry"],"yoast_head":"<!-- This site is optimized with the Yoast SEO plugin v26.3 - https:\/\/yoast.com\/wordpress\/plugins\/seo\/ -->\n<title>Legal Notices - FADESA INGENIEROS<\/title>\n<meta name=\"robots\" content=\"index, follow, max-snippet:-1, max-image-preview:large, max-video-preview:-1\" \/>\n<link rel=\"canonical\" href=\"https:\/\/fadesaing.com\/en\/legal-notices\/\" \/>\n<meta property=\"og:locale\" content=\"en_US\" \/>\n<meta property=\"og:type\" content=\"article\" \/>\n<meta property=\"og:title\" content=\"Legal Notices - FADESA INGENIEROS\" \/>\n<meta property=\"og:description\" content=\"This Legal Notice regulates the general conditions of access and use of the website accessible at the URL https:\/\/fadesaing.com (hereinafter, [&hellip;]\" \/>\n<meta property=\"og:url\" content=\"https:\/\/fadesaing.com\/en\/legal-notices\/\" \/>\n<meta property=\"og:site_name\" content=\"FADESA INGENIEROS\" \/>\n<meta name=\"twitter:card\" content=\"summary_large_image\" \/>\n<script type=\"application\/ld+json\" class=\"yoast-schema-graph\">{\"@context\":\"https:\/\/schema.org\",\"@graph\":[{\"@type\":\"WebPage\",\"@id\":\"https:\/\/fadesaing.com\/en\/legal-notices\/\",\"url\":\"https:\/\/fadesaing.com\/en\/legal-notices\/\",\"name\":\"Legal Notices - FADESA INGENIEROS\",\"isPartOf\":{\"@id\":\"https:\/\/fadesaing.com\/en\/#website\"},\"datePublished\":\"2019-05-06T14:20:16+00:00\",\"breadcrumb\":{\"@id\":\"https:\/\/fadesaing.com\/en\/legal-notices\/#breadcrumb\"},\"inLanguage\":\"en-US\",\"potentialAction\":[{\"@type\":\"ReadAction\",\"target\":[\"https:\/\/fadesaing.com\/en\/legal-notices\/\"]}]},{\"@type\":\"BreadcrumbList\",\"@id\":\"https:\/\/fadesaing.com\/en\/legal-notices\/#breadcrumb\",\"itemListElement\":[{\"@type\":\"ListItem\",\"position\":1,\"name\":\"Portada\",\"item\":\"https:\/\/fadesaing.com\/en\/\"},{\"@type\":\"ListItem\",\"position\":2,\"name\":\"Legal Notices\"}]},{\"@type\":\"WebSite\",\"@id\":\"https:\/\/fadesaing.com\/en\/#website\",\"url\":\"https:\/\/fadesaing.com\/en\/\",\"name\":\"FADESA INGENIEROS\",\"description\":\"Organizaci\u00f3n especializada en el dise\u00f1o, montaje de circuitos electr\u00f3nicos, fabricaci\u00f3n de tarjetas y aparatos electr\u00f3nicos\",\"publisher\":{\"@id\":\"https:\/\/fadesaing.com\/en\/#organization\"},\"potentialAction\":[{\"@type\":\"SearchAction\",\"target\":{\"@type\":\"EntryPoint\",\"urlTemplate\":\"https:\/\/fadesaing.com\/en\/?s={search_term_string}\"},\"query-input\":{\"@type\":\"PropertyValueSpecification\",\"valueRequired\":true,\"valueName\":\"search_term_string\"}}],\"inLanguage\":\"en-US\"},{\"@type\":\"Organization\",\"@id\":\"https:\/\/fadesaing.com\/en\/#organization\",\"name\":\"Fadesa Ingenieros, S.L.\",\"url\":\"https:\/\/fadesaing.com\/en\/\",\"logo\":{\"@type\":\"ImageObject\",\"inLanguage\":\"en-US\",\"@id\":\"https:\/\/fadesaing.com\/en\/#\/schema\/logo\/image\/\",\"url\":\"https:\/\/fadesaing.com\/wp-content\/uploads\/2018\/03\/favicon_icon.png\",\"contentUrl\":\"https:\/\/fadesaing.com\/wp-content\/uploads\/2018\/03\/favicon_icon.png\",\"width\":512,\"height\":512,\"caption\":\"Fadesa Ingenieros, S.L.\"},\"image\":{\"@id\":\"https:\/\/fadesaing.com\/en\/#\/schema\/logo\/image\/\"}}]}<\/script>\n<!-- \/ Yoast SEO plugin. -->","yoast_head_json":{"title":"Legal Notices - FADESA INGENIEROS","robots":{"index":"index","follow":"follow","max-snippet":"max-snippet:-1","max-image-preview":"max-image-preview:large","max-video-preview":"max-video-preview:-1"},"canonical":"https:\/\/fadesaing.com\/en\/legal-notices\/","og_locale":"en_US","og_type":"article","og_title":"Legal Notices - FADESA INGENIEROS","og_description":"This Legal Notice regulates the general conditions of access and use of the website accessible at the URL https:\/\/fadesaing.com (hereinafter, [&hellip;]","og_url":"https:\/\/fadesaing.com\/en\/legal-notices\/","og_site_name":"FADESA INGENIEROS","twitter_card":"summary_large_image","schema":{"@context":"https:\/\/schema.org","@graph":[{"@type":"WebPage","@id":"https:\/\/fadesaing.com\/en\/legal-notices\/","url":"https:\/\/fadesaing.com\/en\/legal-notices\/","name":"Legal Notices - FADESA INGENIEROS","isPartOf":{"@id":"https:\/\/fadesaing.com\/en\/#website"},"datePublished":"2019-05-06T14:20:16+00:00","breadcrumb":{"@id":"https:\/\/fadesaing.com\/en\/legal-notices\/#breadcrumb"},"inLanguage":"en-US","potentialAction":[{"@type":"ReadAction","target":["https:\/\/fadesaing.com\/en\/legal-notices\/"]}]},{"@type":"BreadcrumbList","@id":"https:\/\/fadesaing.com\/en\/legal-notices\/#breadcrumb","itemListElement":[{"@type":"ListItem","position":1,"name":"Portada","item":"https:\/\/fadesaing.com\/en\/"},{"@type":"ListItem","position":2,"name":"Legal Notices"}]},{"@type":"WebSite","@id":"https:\/\/fadesaing.com\/en\/#website","url":"https:\/\/fadesaing.com\/en\/","name":"FADESA INGENIEROS","description":"Organizaci\u00f3n especializada en el dise\u00f1o, montaje de circuitos electr\u00f3nicos, fabricaci\u00f3n de tarjetas y aparatos electr\u00f3nicos","publisher":{"@id":"https:\/\/fadesaing.com\/en\/#organization"},"potentialAction":[{"@type":"SearchAction","target":{"@type":"EntryPoint","urlTemplate":"https:\/\/fadesaing.com\/en\/?s={search_term_string}"},"query-input":{"@type":"PropertyValueSpecification","valueRequired":true,"valueName":"search_term_string"}}],"inLanguage":"en-US"},{"@type":"Organization","@id":"https:\/\/fadesaing.com\/en\/#organization","name":"Fadesa Ingenieros, S.L.","url":"https:\/\/fadesaing.com\/en\/","logo":{"@type":"ImageObject","inLanguage":"en-US","@id":"https:\/\/fadesaing.com\/en\/#\/schema\/logo\/image\/","url":"https:\/\/fadesaing.com\/wp-content\/uploads\/2018\/03\/favicon_icon.png","contentUrl":"https:\/\/fadesaing.com\/wp-content\/uploads\/2018\/03\/favicon_icon.png","width":512,"height":512,"caption":"Fadesa Ingenieros, S.L."},"image":{"@id":"https:\/\/fadesaing.com\/en\/#\/schema\/logo\/image\/"}}]}},"_links":{"self":[{"href":"https:\/\/fadesaing.com\/en\/wp-json\/wp\/v2\/pages\/2017","targetHints":{"allow":["GET"]}}],"collection":[{"href":"https:\/\/fadesaing.com\/en\/wp-json\/wp\/v2\/pages"}],"about":[{"href":"https:\/\/fadesaing.com\/en\/wp-json\/wp\/v2\/types\/page"}],"author":[{"embeddable":true,"href":"https:\/\/fadesaing.com\/en\/wp-json\/wp\/v2\/users\/1"}],"replies":[{"embeddable":true,"href":"https:\/\/fadesaing.com\/en\/wp-json\/wp\/v2\/comments?post=2017"}],"version-history":[{"count":0,"href":"https:\/\/fadesaing.com\/en\/wp-json\/wp\/v2\/pages\/2017\/revisions"}],"wp:attachment":[{"href":"https:\/\/fadesaing.com\/en\/wp-json\/wp\/v2\/media?parent=2017"}],"curies":[{"name":"wp","href":"https:\/\/api.w.org\/{rel}","templated":true}]}}