{"id":2161,"date":"2019-05-06T14:20:16","date_gmt":"2019-05-06T14:20:16","guid":{"rendered":"https:\/\/fadesaing.com\/politica-de-privacitat\/"},"modified":"2019-05-06T14:20:16","modified_gmt":"2019-05-06T14:20:16","slug":"politica-de-privacitat","status":"publish","type":"page","link":"https:\/\/fadesaing.com\/ca\/politica-de-privacitat\/","title":{"rendered":"Pol\u00edtica de Privacitat"},"content":{"rendered":"<div id=\"clickdatos\">\n<ol>\n<li><strong>Informaci\u00f3 a l\u2019usuari<\/strong><\/li>\n<\/ol>\n<p>FADESA INGENIEROS, S.L., en endavant RESPONSABLE, informa els usuaris del lloc web sobre la seva pol\u00edtica respecte al tractament i protecci\u00f3 de les dades de car\u00e0cter personal dels usuaris i clients que puguin ser recollides per la navegaci\u00f3 o contractaci\u00f3 de serveis a trav\u00e9s del seu lloc web.<\/p>\n<p>En aquest sentit, el RESPONSABLE garanteix el compliment de la normativa vigent en mat\u00e8ria de protecci\u00f3 de dades personals, reflectida a la Llei Org\u00e0nica 3\/2018, de 5 de desembre, de Protecci\u00f3 de Dades Personals i de Garantia dels Drets Digitals (LOPD GDD). Tamb\u00e9 compleix amb el Reglament (UE) 2016\/679 del Parlament Europeu i del Consell de 27 d\u2019abril de 2016 relatiu a la protecci\u00f3 de les persones f\u00edsiques (RGPD). <\/p>\n<p>L\u2019\u00fas d\u2019aquest lloc web implica l\u2019acceptaci\u00f3 d\u2019aquesta pol\u00edtica de privadesa.<\/p>\n<ol start=\"2\">\n<li><strong>Recollida, finalitat i tractaments de dades<\/strong><\/li>\n<\/ol>\n<p>El RESPONSABLE t\u00e9 el deure d\u2019informar els usuaris del seu lloc web sobre la recollida de dades de car\u00e0cter personal que es puguin dur a terme, ja sigui mitjan\u00e7ant l\u2019enviament de correu electr\u00f2nic o en complimentar els formularis inclosos al lloc web. En aquest sentit, el RESPONSABLE ser\u00e0 considerat com a responsable de les dades recollides pels mitjans anteriorment descrits. <\/p>\n<p>Al seu torn, el RESPONSABLE informa els usuaris que la finalitat del tractament de les dades recollides contempla: L\u2019atenci\u00f3 de sol\u00b7licituds realitzades pels usuaris, la inclusi\u00f3 a l\u2019agenda de contactes, la prestaci\u00f3 de serveis i la gesti\u00f3 de la relaci\u00f3 comercial.<\/p>\n<p>Les operacions, gestions i procediments t\u00e8cnics que es realitzin de forma automatitzada o no automatitzada i que facin possible la recollida, l\u2019emmagatzematge, la modificaci\u00f3, la transfer\u00e8ncia i altres accions sobre dades de car\u00e0cter personal, tenen la consideraci\u00f3 de tractament de dades personals.<\/p>\n<ol start=\"3\">\n<li><strong>Comunicaci\u00f3 d\u2019informaci\u00f3 a tercers<\/strong><\/li>\n<\/ol>\n<p>El RESPONSABLE informa els usuaris que les seves dades personals no seran cedides a terceres organitzacions, amb la salvetat que aquesta cessi\u00f3 de dades estigui emparada per una obligaci\u00f3 legal o quan la prestaci\u00f3 d\u2019un servei impliqui la necessitat d\u2019una relaci\u00f3 contractual amb un encarregat del tractament. En aquest \u00faltim cas, nom\u00e9s es dur\u00e0 a terme la cessi\u00f3 de dades al tercer quan el RESPONSABLE disposi del consentiment expr\u00e9s de l\u2019usuari. <\/p>\n<ol start=\"4\">\n<li><strong>Drets dels usuaris<\/strong><\/li>\n<\/ol>\n<p>La Llei Org\u00e0nica 15\/1999, de 13 de desembre, de Protecci\u00f3 de Dades de Car\u00e0cter Personal, concedeix als interessats la possibilitat d\u2019exercir una s\u00e8rie de drets relacionats amb el tractament de les seves dades personals. En tant que les dades de l\u2019usuari s\u00f3n objecte de tractament per part del RESPONSABLE. Els usuaris podran exercir els drets d\u2019acc\u00e9s, rectificaci\u00f3, cancel\u00b7laci\u00f3 i oposici\u00f3 d\u2019acord amb el previst en la normativa legal vigent en mat\u00e8ria de protecci\u00f3 de dades personals.  <\/p>\n<p>Per fer \u00fas de l\u2019exercici d\u2019aquests drets, l\u2019usuari haur\u00e0 de dirigir-se mitjan\u00e7ant comunicaci\u00f3 escrita, aportant documentaci\u00f3 que acrediti la seva identitat (DNI o passaport), a la seg\u00fcent adre\u00e7a:<\/p>\n<p>FADESA INGENIEROS, S.L.<\/p>\n<p>C\/ RAMON I CAJAL, 251-253 Baixos<\/p>\n<p>08223<\/p>\n<p>TERRASSA, BARCELONA<\/p>\n<p>O l\u2019adre\u00e7a que sigui substitu\u00efda en el Registre General de Protecci\u00f3 de Dades.<\/p>\n<p>Aquesta comunicaci\u00f3 haur\u00e0 de reflectir la seg\u00fcent informaci\u00f3: Nom i cognoms de l\u2019usuari, la petici\u00f3 de sol\u00b7licitud, el domicili i les dades acreditatives.<\/p>\n<p>L\u2019exercici dels drets haur\u00e0 de ser realitzat per l\u2019usuari mateix. No obstant aix\u00f2, podran ser executats per una persona autoritzada com a representant legal de l\u2019autoritzat. En aquest cas, s\u2019haur\u00e0 de aportar la documentaci\u00f3 que acrediti aquesta representaci\u00f3 de l\u2019interessat.  <\/p>\n<\/div>\n","protected":false},"excerpt":{"rendered":"<p>Informaci\u00f3 a l\u2019usuari FADESA INGENIEROS, S.L., en endavant RESPONSABLE, informa els usuaris del lloc web sobre la seva pol\u00edtica respecte [&hellip;]<\/p>\n","protected":false},"author":1,"featured_media":0,"parent":0,"menu_order":0,"comment_status":"closed","ping_status":"closed","template":"page-templates\/page_fullwidth.php","meta":{"footnotes":""},"class_list":["post-2161","page","type-page","status-publish","hentry"],"yoast_head":"<!-- This site is optimized with the Yoast SEO plugin v26.3 - https:\/\/yoast.com\/wordpress\/plugins\/seo\/ -->\n<title>Pol\u00edtica de Privacitat - FADESA INGENIEROS<\/title>\n<meta name=\"robots\" content=\"index, follow, max-snippet:-1, max-image-preview:large, max-video-preview:-1\" \/>\n<link rel=\"canonical\" href=\"https:\/\/fadesaing.com\/ca\/politica-de-privacitat\/\" \/>\n<meta property=\"og:locale\" content=\"ca_ES\" \/>\n<meta property=\"og:type\" content=\"article\" \/>\n<meta property=\"og:title\" content=\"Pol\u00edtica de Privacitat - FADESA INGENIEROS\" \/>\n<meta property=\"og:description\" content=\"Informaci\u00f3 a l\u2019usuari FADESA INGENIEROS, S.L., en endavant RESPONSABLE, informa els usuaris del lloc web sobre la seva pol\u00edtica respecte [&hellip;]\" \/>\n<meta property=\"og:url\" content=\"https:\/\/fadesaing.com\/ca\/politica-de-privacitat\/\" \/>\n<meta property=\"og:site_name\" content=\"FADESA INGENIEROS\" \/>\n<meta name=\"twitter:card\" content=\"summary_large_image\" \/>\n<script type=\"application\/ld+json\" class=\"yoast-schema-graph\">{\"@context\":\"https:\/\/schema.org\",\"@graph\":[{\"@type\":\"WebPage\",\"@id\":\"https:\/\/fadesaing.com\/ca\/politica-de-privacitat\/\",\"url\":\"https:\/\/fadesaing.com\/ca\/politica-de-privacitat\/\",\"name\":\"Pol\u00edtica de Privacitat - FADESA INGENIEROS\",\"isPartOf\":{\"@id\":\"https:\/\/fadesaing.com\/ca\/#website\"},\"datePublished\":\"2019-05-06T14:20:16+00:00\",\"breadcrumb\":{\"@id\":\"https:\/\/fadesaing.com\/ca\/politica-de-privacitat\/#breadcrumb\"},\"inLanguage\":\"ca\",\"potentialAction\":[{\"@type\":\"ReadAction\",\"target\":[\"https:\/\/fadesaing.com\/ca\/politica-de-privacitat\/\"]}]},{\"@type\":\"BreadcrumbList\",\"@id\":\"https:\/\/fadesaing.com\/ca\/politica-de-privacitat\/#breadcrumb\",\"itemListElement\":[{\"@type\":\"ListItem\",\"position\":1,\"name\":\"Portada\",\"item\":\"https:\/\/fadesaing.com\/ca\/\"},{\"@type\":\"ListItem\",\"position\":2,\"name\":\"Pol\u00edtica de Privacitat\"}]},{\"@type\":\"WebSite\",\"@id\":\"https:\/\/fadesaing.com\/ca\/#website\",\"url\":\"https:\/\/fadesaing.com\/ca\/\",\"name\":\"FADESA INGENIEROS\",\"description\":\"Organizaci\u00f3n especializada en el dise\u00f1o, montaje de circuitos electr\u00f3nicos, fabricaci\u00f3n de tarjetas y aparatos electr\u00f3nicos\",\"publisher\":{\"@id\":\"https:\/\/fadesaing.com\/ca\/#organization\"},\"potentialAction\":[{\"@type\":\"SearchAction\",\"target\":{\"@type\":\"EntryPoint\",\"urlTemplate\":\"https:\/\/fadesaing.com\/ca\/?s={search_term_string}\"},\"query-input\":{\"@type\":\"PropertyValueSpecification\",\"valueRequired\":true,\"valueName\":\"search_term_string\"}}],\"inLanguage\":\"ca\"},{\"@type\":\"Organization\",\"@id\":\"https:\/\/fadesaing.com\/ca\/#organization\",\"name\":\"Fadesa Ingenieros, S.L.\",\"url\":\"https:\/\/fadesaing.com\/ca\/\",\"logo\":{\"@type\":\"ImageObject\",\"inLanguage\":\"ca\",\"@id\":\"https:\/\/fadesaing.com\/ca\/#\/schema\/logo\/image\/\",\"url\":\"https:\/\/fadesaing.com\/wp-content\/uploads\/2018\/03\/favicon_icon.png\",\"contentUrl\":\"https:\/\/fadesaing.com\/wp-content\/uploads\/2018\/03\/favicon_icon.png\",\"width\":512,\"height\":512,\"caption\":\"Fadesa Ingenieros, S.L.\"},\"image\":{\"@id\":\"https:\/\/fadesaing.com\/ca\/#\/schema\/logo\/image\/\"}}]}<\/script>\n<!-- \/ Yoast SEO plugin. -->","yoast_head_json":{"title":"Pol\u00edtica de Privacitat - FADESA INGENIEROS","robots":{"index":"index","follow":"follow","max-snippet":"max-snippet:-1","max-image-preview":"max-image-preview:large","max-video-preview":"max-video-preview:-1"},"canonical":"https:\/\/fadesaing.com\/ca\/politica-de-privacitat\/","og_locale":"ca_ES","og_type":"article","og_title":"Pol\u00edtica de Privacitat - FADESA INGENIEROS","og_description":"Informaci\u00f3 a l\u2019usuari FADESA INGENIEROS, S.L., en endavant RESPONSABLE, informa els usuaris del lloc web sobre la seva pol\u00edtica respecte [&hellip;]","og_url":"https:\/\/fadesaing.com\/ca\/politica-de-privacitat\/","og_site_name":"FADESA INGENIEROS","twitter_card":"summary_large_image","schema":{"@context":"https:\/\/schema.org","@graph":[{"@type":"WebPage","@id":"https:\/\/fadesaing.com\/ca\/politica-de-privacitat\/","url":"https:\/\/fadesaing.com\/ca\/politica-de-privacitat\/","name":"Pol\u00edtica de Privacitat - FADESA INGENIEROS","isPartOf":{"@id":"https:\/\/fadesaing.com\/ca\/#website"},"datePublished":"2019-05-06T14:20:16+00:00","breadcrumb":{"@id":"https:\/\/fadesaing.com\/ca\/politica-de-privacitat\/#breadcrumb"},"inLanguage":"ca","potentialAction":[{"@type":"ReadAction","target":["https:\/\/fadesaing.com\/ca\/politica-de-privacitat\/"]}]},{"@type":"BreadcrumbList","@id":"https:\/\/fadesaing.com\/ca\/politica-de-privacitat\/#breadcrumb","itemListElement":[{"@type":"ListItem","position":1,"name":"Portada","item":"https:\/\/fadesaing.com\/ca\/"},{"@type":"ListItem","position":2,"name":"Pol\u00edtica de Privacitat"}]},{"@type":"WebSite","@id":"https:\/\/fadesaing.com\/ca\/#website","url":"https:\/\/fadesaing.com\/ca\/","name":"FADESA INGENIEROS","description":"Organizaci\u00f3n especializada en el dise\u00f1o, montaje de circuitos electr\u00f3nicos, fabricaci\u00f3n de tarjetas y aparatos electr\u00f3nicos","publisher":{"@id":"https:\/\/fadesaing.com\/ca\/#organization"},"potentialAction":[{"@type":"SearchAction","target":{"@type":"EntryPoint","urlTemplate":"https:\/\/fadesaing.com\/ca\/?s={search_term_string}"},"query-input":{"@type":"PropertyValueSpecification","valueRequired":true,"valueName":"search_term_string"}}],"inLanguage":"ca"},{"@type":"Organization","@id":"https:\/\/fadesaing.com\/ca\/#organization","name":"Fadesa Ingenieros, S.L.","url":"https:\/\/fadesaing.com\/ca\/","logo":{"@type":"ImageObject","inLanguage":"ca","@id":"https:\/\/fadesaing.com\/ca\/#\/schema\/logo\/image\/","url":"https:\/\/fadesaing.com\/wp-content\/uploads\/2018\/03\/favicon_icon.png","contentUrl":"https:\/\/fadesaing.com\/wp-content\/uploads\/2018\/03\/favicon_icon.png","width":512,"height":512,"caption":"Fadesa Ingenieros, S.L."},"image":{"@id":"https:\/\/fadesaing.com\/ca\/#\/schema\/logo\/image\/"}}]}},"_links":{"self":[{"href":"https:\/\/fadesaing.com\/ca\/wp-json\/wp\/v2\/pages\/2161","targetHints":{"allow":["GET"]}}],"collection":[{"href":"https:\/\/fadesaing.com\/ca\/wp-json\/wp\/v2\/pages"}],"about":[{"href":"https:\/\/fadesaing.com\/ca\/wp-json\/wp\/v2\/types\/page"}],"author":[{"embeddable":true,"href":"https:\/\/fadesaing.com\/ca\/wp-json\/wp\/v2\/users\/1"}],"replies":[{"embeddable":true,"href":"https:\/\/fadesaing.com\/ca\/wp-json\/wp\/v2\/comments?post=2161"}],"version-history":[{"count":0,"href":"https:\/\/fadesaing.com\/ca\/wp-json\/wp\/v2\/pages\/2161\/revisions"}],"wp:attachment":[{"href":"https:\/\/fadesaing.com\/ca\/wp-json\/wp\/v2\/media?parent=2161"}],"curies":[{"name":"wp","href":"https:\/\/api.w.org\/{rel}","templated":true}]}}