{"id":2147,"date":"2019-05-06T14:20:16","date_gmt":"2019-05-06T14:20:16","guid":{"rendered":"https:\/\/fadesaing.com\/avis-legal\/"},"modified":"2019-05-06T14:20:16","modified_gmt":"2019-05-06T14:20:16","slug":"avis-legal","status":"publish","type":"page","link":"https:\/\/fadesaing.com\/ca\/avis-legal\/","title":{"rendered":"Av\u00eds Legal"},"content":{"rendered":"<p>El present Av\u00eds Legal regula les condicions generals d&#8217;acc\u00e9s i utilitzaci\u00f3 del lloc web accessible a l&#8217;adre\u00e7a URL https:\/\/fadesaing.com (en endavant, el lloc web), que FADESA INGENIERS, S.L. posa a disposici\u00f3 dels usuaris d&#8217;Internet.<\/p>\n<div id=\"clickdatos\">\n<p>La utilitzaci\u00f3 del lloc web implica l&#8217;acceptaci\u00f3 plena i sense reserves de totes i cadascuna de les disposicions incloses en aquest Av\u00eds Legal. En conseq\u00fc\u00e8ncia, l&#8217;usuari del lloc web ha de llegir atentament el present Av\u00eds Legal en cada una de les ocasions en qu\u00e8 es proposi utilitzar la web, ja que el text podria patir modificacions a criteri del titular de la web, o a causa d&#8217;un canvi legislatiu, jurisprudencial o en la pr\u00e0ctica empresarial. <\/p>\n<h2><span style=\"font-size: 14pt;\">1.- TITULARITAT DEL LLOC WEB.<\/span><\/h2>\n<p>Ra\u00f3 Social de l&#8217;Empresa: FADESA INGENIERS, S.L.<br \/>\nNIF: B58035668<br \/>\nDomicili social: Carrer Ram\u00f3n y Cajal, 251-253 Baixos<br \/>\nPoblaci\u00f3: Terrassa<br \/>\nProv\u00edncia: Barcelona<br \/>\nC.P.: 08223<br \/>\nTel\u00e8fon de contacte: 937848950<br \/>\nCorreu electr\u00f2nic: info@fadesaing.com<\/p>\n<h2><span style=\"font-size: 14pt;\">2.- OBJECTE.<\/span><\/h2>\n<p>El lloc web facilita als usuaris l&#8217;acc\u00e9s a informaci\u00f3 i serveis prestats per FADESA INGENIERS, S.L. a aquelles persones o organitzacions interessades en els mateixos.<\/p>\n<h2><span style=\"font-size: 14pt;\">3.- ACC\u00c9S I UTILITZACI\u00d3 DE LA WEB.<\/span><\/h2>\n<p>3.1.- Car\u00e0cter gratu\u00eft de l&#8217;acc\u00e9s i utilitzaci\u00f3 del lloc web.<br \/>\nL&#8217;acc\u00e9s a la web t\u00e9 car\u00e0cter gratu\u00eft per als usuaris de la mateixa.<br \/>\n3.2.- Registre d\u2019usuaris.<br \/>\nAmb car\u00e0cter general, l&#8217;acc\u00e9s i utilitzaci\u00f3 de la web no exigeix la pr\u00e8via subscripci\u00f3 o registre dels usuaris de la mateixa.<\/p>\n<h2><span style=\"font-size: 14pt;\">4.- CONTINGUTS DE LA WEB.<\/span><\/h2>\n<p>L&#8217;idioma utilitzat pel titular en la web ser\u00e0 el castell\u00e0. FADESA INGENIERS, S.L. no es responsabilitza de la no comprensi\u00f3 o enteniment de l&#8217;idioma de la web per part de l&#8217;usuari, ni de les seves conseq\u00fc\u00e8ncies.<br \/>\nFADESA INGENIERS, S.L. podr\u00e0 modificar els continguts sense previ av\u00eds, aix\u00ed com suprimir i canviar aquests dins de la web, com la forma en qu\u00e8 s&#8217;accedeix a aquests, sense justificaci\u00f3 alguna i lliurement, no responsabilitzant-se de les conseq\u00fc\u00e8ncies que els mateixos puguin ocasionar als usuaris.<br \/>\nEs prohibeix l&#8217;\u00fas dels continguts de la web per promocionar, contractar o divulgar publicitat o informaci\u00f3 pr\u00f2pia o de terceres persones sense l&#8217;autoritzaci\u00f3 de FADESA INGENIERS, S.L., ni remetre publicitat o informaci\u00f3 valen-se per a aix\u00f2 dels serveis o informaci\u00f3 que es posen a disposici\u00f3 dels usuaris, independentment de si la utilitzaci\u00f3 \u00e9s gratu\u00efta o no.<br \/>\nEls enlla\u00e7os o hiperenlla\u00e7os que incorporin tercers en les seves p\u00e0gines web, dirigits a aquesta web, seran per a l&#8217;obertura de la p\u00e0gina web completa, no podent manifestar, directa o indirectament, indicacions falses, inexactes o confuses, ni inc\u00f3rrer en accions deslleials o il\u00b7l\u00edcites en contra de FADESA INGENIERS, S.L.<\/p>\n<h2><span style=\"font-size: 14pt;\">5.- LIMITACI\u00d3 DE RESPONSABILITAT.<\/span><\/h2>\n<p>Tant l\u2019acc\u00e9s al lloc web com l\u2019\u00fas no consentit que es pugui fer de la informaci\u00f3 continguda en aquest \u00e9s responsabilitat exclusiva de qui el realitza. FADESA INGENIEROS, S.L. no respondr\u00e0 de cap conseq\u00fc\u00e8ncia, dany o perjudici que puguin derivar-se d\u2019aquest acc\u00e9s o \u00fas. FADESA INGENIEROS, S.L. no es fa responsable dels errors de seguretat que es puguin produir ni dels danys que es puguin causar al sistema inform\u00e0tic de l\u2019usuari (hardware i software), o als fitxers o documents emmagatzemats en aquest, com a conseq\u00fc\u00e8ncia de:<br \/>\n\u2013 la pres\u00e8ncia d\u2019un virus a l\u2019ordinador de l\u2019usuari que s\u2019utilitzi per a la connexi\u00f3 als serveis i continguts del lloc web,<br \/>\n\u2013 un mal funcionament del navegador,<br \/>\n\u2013 i\/o l\u2019\u00fas de versions no actualitzades d\u2019aquest.<br \/>\nFADESA INGENIEROS, S.L. no es fa responsable de la fiabilitat i rapidesa dels hiperenlla\u00e7os que s\u2019incorporin al lloc web per a l\u2019obertura d\u2019altres. FADESA INGENIEROS, S.L. no garanteix la utilitat d\u2019aquests enlla\u00e7os, ni es responsabilitza dels continguts o serveis als quals l\u2019usuari pugui accedir a trav\u00e9s d\u2019aquests enlla\u00e7os, ni del bon funcionament d\u2019aquests llocs web.<br \/>\nFADESA INGENIEROS, S.L. no ser\u00e0 responsable dels virus o altres programes inform\u00e0tics que deteriorin o puguin deteriorar els sistemes o equips inform\u00e0tics dels usuaris quan accedeixin al seu lloc web o altres llocs web als quals s\u2019hagi accedit mitjan\u00e7ant enlla\u00e7os d\u2019aquest lloc web. <\/p>\n<h2><span style=\"font-size: 14pt;\">6.- \u00daS DE LA TECNOLOGIA &#8220;COOKIE&#8221;.<\/span><\/h2>\n<p>La web emplea cookies, puede consultar nuestra <a href=\"https:\/\/fadesaing.com\/politica-de-cookies\/\">Pol\u00edtica de Cookies<\/a>, que respeta en todo momento la confidencialidad e intimidad del mismo.<\/p>\n<h2><span style=\"font-size: 14pt;\">7.- PROPIETAT INTEL\u00b7LECTUAL I INDUSTRIAL.<\/span><\/h2>\n<p>S\u00f3n propietat de FADESA INGENIEROS, S.L., tots els drets de propietat industrial i intel\u00b7lectual del lloc web, aix\u00ed com dels continguts que allotja. Qualsevol \u00fas del lloc web o dels seus continguts ha de tenir un car\u00e0cter exclusivament particular. Est\u00e0 reservat exclusivament a FADESA INGENIEROS, S.L. qualsevol altre \u00fas que impliqui la c\u00f2pia, reproducci\u00f3, distribuci\u00f3, transformaci\u00f3, comunicaci\u00f3 p\u00fablica o qualsevol altra acci\u00f3 similar, de tot o part dels continguts del lloc web, de manera que cap usuari podr\u00e0 dur a terme aquestes accions sense l\u2019autoritzaci\u00f3 pr\u00e8via i per escrit de FADESA INGENIEROS, S.L.  <\/p>\n<h2><span style=\"font-size: 14pt;\"> 8.- POL\u00cdTICA DE PRIVACITAT I PROTECCI\u00d3 DE DADES<\/span><\/h2>\n<p>FADESA INGENIEROS, S.L. garanteix la protecci\u00f3 i confidencialitat de les dades personals, de qualsevol tipus que ens proporcionin les nostres empreses clientes d\u2019acord amb el que disposa la Llei Org\u00e0nica 15\/1999, de 13 de desembre, de Protecci\u00f3 de Dades de Car\u00e0cter Personal.<br \/>\nTotes les dades facilitades per les nostres empreses clientes a FADESA INGENIEROS, S.L. o al seu personal, seran incloses en un fitxer automatitzat de dades de car\u00e0cter personal creat i mantingut sota la responsabilitat de FADESA INGENIEROS, S.L., imprescindibles per a prestar els serveis sol\u00b7licitats pels usuaris.<br \/>\nLes dades facilitades seran tractades segons el Reglament de Mesures de Seguretat (Reial Decret 1720\/2007 de 21 de desembre), en aquest sentit FADESA INGENIEROS, S.L. ha adoptat els nivells de protecci\u00f3 que legalment s\u2019exigeixen, i ha instal\u00b7lat totes les mesures t\u00e8cniques al seu abast per evitar la p\u00e8rdua, mal \u00fas, alteraci\u00f3, acc\u00e9s no autoritzat per tercers. No obstant aix\u00f2, l\u2019usuari ha de ser conscient que les mesures de seguretat a Internet no s\u00f3n inexpugnables. En cas que consideri oport\u00fa que es cedeixin les seves dades de car\u00e0cter personal a altres entitats, l\u2019usuari ser\u00e0 informat de les dades cedides, de la finalitat del fitxer i del nom i adre\u00e7a del cessionari, perqu\u00e8 doni el seu consentiment inequ\u00edvoc al respecte.<br \/>\nEn compliment del que s\u2019estableix al RGPD, l\u2019usuari podr\u00e0 exercir els seus drets d\u2019acc\u00e9s, rectificaci\u00f3, cancel\u00b7laci\u00f3 i oposici\u00f3. Per a aix\u00f2 ha de contactar amb nosaltres a info@fadesaing.com.   <\/p>\n<h2><span style=\"font-size: 14pt;\">9.- LEGISLACI\u00d3 APLICABLE I JURISDICCI\u00d3 COMPETENT.<\/span><\/h2>\n<p>El present Av\u00eds Legal s\u2019interpretar\u00e0 i regir\u00e0 d\u2019acord amb la legislaci\u00f3 espanyola. FADESA INGENIEROS, S.L. i els usuaris, amb ren\u00fancia expressa a qualsevol altra jurisdicci\u00f3 que els pogu\u00e9s correspondre, se sotmeten als jutjats i tribunals del domicili de l\u2019usuari per a qualsevol controv\u00e8rsia que pugui derivar-se de l\u2019acc\u00e9s o \u00fas del lloc web. En cas que l\u2019usuari tingui el seu domicili fora d\u2019Espanya, FADESA INGENIEROS, S.L. i l\u2019usuari se sotmeten, amb ren\u00fancia expressa a qualsevol altra jurisdicci\u00f3, als jutjats i tribunals del domicili de FADESA INGENIEROS, S.L.  <\/p>\n<\/div>\n","protected":false},"excerpt":{"rendered":"<p>El present Av\u00eds Legal regula les condicions generals d&#8217;acc\u00e9s i utilitzaci\u00f3 del lloc web accessible a l&#8217;adre\u00e7a URL https:\/\/fadesaing.com (en [&hellip;]<\/p>\n","protected":false},"author":1,"featured_media":0,"parent":0,"menu_order":0,"comment_status":"closed","ping_status":"closed","template":"page-templates\/page_fullwidth.php","meta":{"footnotes":""},"class_list":["post-2147","page","type-page","status-publish","hentry"],"yoast_head":"<!-- This site is optimized with the Yoast SEO plugin v26.3 - https:\/\/yoast.com\/wordpress\/plugins\/seo\/ -->\n<title>Av\u00eds Legal - FADESA INGENIEROS<\/title>\n<meta name=\"robots\" content=\"index, follow, max-snippet:-1, max-image-preview:large, max-video-preview:-1\" \/>\n<link rel=\"canonical\" href=\"https:\/\/fadesaing.com\/ca\/avis-legal\/\" \/>\n<meta property=\"og:locale\" content=\"ca_ES\" \/>\n<meta property=\"og:type\" content=\"article\" \/>\n<meta property=\"og:title\" content=\"Av\u00eds Legal - FADESA INGENIEROS\" \/>\n<meta property=\"og:description\" content=\"El present Av\u00eds Legal regula les condicions generals d&#8217;acc\u00e9s i utilitzaci\u00f3 del lloc web accessible a l&#8217;adre\u00e7a URL https:\/\/fadesaing.com (en [&hellip;]\" \/>\n<meta property=\"og:url\" content=\"https:\/\/fadesaing.com\/ca\/avis-legal\/\" \/>\n<meta property=\"og:site_name\" content=\"FADESA INGENIEROS\" \/>\n<meta name=\"twitter:card\" content=\"summary_large_image\" \/>\n<script type=\"application\/ld+json\" class=\"yoast-schema-graph\">{\"@context\":\"https:\/\/schema.org\",\"@graph\":[{\"@type\":\"WebPage\",\"@id\":\"https:\/\/fadesaing.com\/ca\/avis-legal\/\",\"url\":\"https:\/\/fadesaing.com\/ca\/avis-legal\/\",\"name\":\"Av\u00eds Legal - FADESA INGENIEROS\",\"isPartOf\":{\"@id\":\"https:\/\/fadesaing.com\/ca\/#website\"},\"datePublished\":\"2019-05-06T14:20:16+00:00\",\"breadcrumb\":{\"@id\":\"https:\/\/fadesaing.com\/ca\/avis-legal\/#breadcrumb\"},\"inLanguage\":\"ca\",\"potentialAction\":[{\"@type\":\"ReadAction\",\"target\":[\"https:\/\/fadesaing.com\/ca\/avis-legal\/\"]}]},{\"@type\":\"BreadcrumbList\",\"@id\":\"https:\/\/fadesaing.com\/ca\/avis-legal\/#breadcrumb\",\"itemListElement\":[{\"@type\":\"ListItem\",\"position\":1,\"name\":\"Portada\",\"item\":\"https:\/\/fadesaing.com\/ca\/\"},{\"@type\":\"ListItem\",\"position\":2,\"name\":\"Av\u00eds Legal\"}]},{\"@type\":\"WebSite\",\"@id\":\"https:\/\/fadesaing.com\/ca\/#website\",\"url\":\"https:\/\/fadesaing.com\/ca\/\",\"name\":\"FADESA INGENIEROS\",\"description\":\"Organizaci\u00f3n especializada en el dise\u00f1o, montaje de circuitos electr\u00f3nicos, fabricaci\u00f3n de tarjetas y aparatos electr\u00f3nicos\",\"publisher\":{\"@id\":\"https:\/\/fadesaing.com\/ca\/#organization\"},\"potentialAction\":[{\"@type\":\"SearchAction\",\"target\":{\"@type\":\"EntryPoint\",\"urlTemplate\":\"https:\/\/fadesaing.com\/ca\/?s={search_term_string}\"},\"query-input\":{\"@type\":\"PropertyValueSpecification\",\"valueRequired\":true,\"valueName\":\"search_term_string\"}}],\"inLanguage\":\"ca\"},{\"@type\":\"Organization\",\"@id\":\"https:\/\/fadesaing.com\/ca\/#organization\",\"name\":\"Fadesa Ingenieros, S.L.\",\"url\":\"https:\/\/fadesaing.com\/ca\/\",\"logo\":{\"@type\":\"ImageObject\",\"inLanguage\":\"ca\",\"@id\":\"https:\/\/fadesaing.com\/ca\/#\/schema\/logo\/image\/\",\"url\":\"https:\/\/fadesaing.com\/wp-content\/uploads\/2018\/03\/favicon_icon.png\",\"contentUrl\":\"https:\/\/fadesaing.com\/wp-content\/uploads\/2018\/03\/favicon_icon.png\",\"width\":512,\"height\":512,\"caption\":\"Fadesa Ingenieros, S.L.\"},\"image\":{\"@id\":\"https:\/\/fadesaing.com\/ca\/#\/schema\/logo\/image\/\"}}]}<\/script>\n<!-- \/ Yoast SEO plugin. -->","yoast_head_json":{"title":"Av\u00eds Legal - FADESA INGENIEROS","robots":{"index":"index","follow":"follow","max-snippet":"max-snippet:-1","max-image-preview":"max-image-preview:large","max-video-preview":"max-video-preview:-1"},"canonical":"https:\/\/fadesaing.com\/ca\/avis-legal\/","og_locale":"ca_ES","og_type":"article","og_title":"Av\u00eds Legal - FADESA INGENIEROS","og_description":"El present Av\u00eds Legal regula les condicions generals d&#8217;acc\u00e9s i utilitzaci\u00f3 del lloc web accessible a l&#8217;adre\u00e7a URL https:\/\/fadesaing.com (en [&hellip;]","og_url":"https:\/\/fadesaing.com\/ca\/avis-legal\/","og_site_name":"FADESA INGENIEROS","twitter_card":"summary_large_image","schema":{"@context":"https:\/\/schema.org","@graph":[{"@type":"WebPage","@id":"https:\/\/fadesaing.com\/ca\/avis-legal\/","url":"https:\/\/fadesaing.com\/ca\/avis-legal\/","name":"Av\u00eds Legal - FADESA INGENIEROS","isPartOf":{"@id":"https:\/\/fadesaing.com\/ca\/#website"},"datePublished":"2019-05-06T14:20:16+00:00","breadcrumb":{"@id":"https:\/\/fadesaing.com\/ca\/avis-legal\/#breadcrumb"},"inLanguage":"ca","potentialAction":[{"@type":"ReadAction","target":["https:\/\/fadesaing.com\/ca\/avis-legal\/"]}]},{"@type":"BreadcrumbList","@id":"https:\/\/fadesaing.com\/ca\/avis-legal\/#breadcrumb","itemListElement":[{"@type":"ListItem","position":1,"name":"Portada","item":"https:\/\/fadesaing.com\/ca\/"},{"@type":"ListItem","position":2,"name":"Av\u00eds Legal"}]},{"@type":"WebSite","@id":"https:\/\/fadesaing.com\/ca\/#website","url":"https:\/\/fadesaing.com\/ca\/","name":"FADESA INGENIEROS","description":"Organizaci\u00f3n especializada en el dise\u00f1o, montaje de circuitos electr\u00f3nicos, fabricaci\u00f3n de tarjetas y aparatos electr\u00f3nicos","publisher":{"@id":"https:\/\/fadesaing.com\/ca\/#organization"},"potentialAction":[{"@type":"SearchAction","target":{"@type":"EntryPoint","urlTemplate":"https:\/\/fadesaing.com\/ca\/?s={search_term_string}"},"query-input":{"@type":"PropertyValueSpecification","valueRequired":true,"valueName":"search_term_string"}}],"inLanguage":"ca"},{"@type":"Organization","@id":"https:\/\/fadesaing.com\/ca\/#organization","name":"Fadesa Ingenieros, S.L.","url":"https:\/\/fadesaing.com\/ca\/","logo":{"@type":"ImageObject","inLanguage":"ca","@id":"https:\/\/fadesaing.com\/ca\/#\/schema\/logo\/image\/","url":"https:\/\/fadesaing.com\/wp-content\/uploads\/2018\/03\/favicon_icon.png","contentUrl":"https:\/\/fadesaing.com\/wp-content\/uploads\/2018\/03\/favicon_icon.png","width":512,"height":512,"caption":"Fadesa Ingenieros, S.L."},"image":{"@id":"https:\/\/fadesaing.com\/ca\/#\/schema\/logo\/image\/"}}]}},"_links":{"self":[{"href":"https:\/\/fadesaing.com\/ca\/wp-json\/wp\/v2\/pages\/2147","targetHints":{"allow":["GET"]}}],"collection":[{"href":"https:\/\/fadesaing.com\/ca\/wp-json\/wp\/v2\/pages"}],"about":[{"href":"https:\/\/fadesaing.com\/ca\/wp-json\/wp\/v2\/types\/page"}],"author":[{"embeddable":true,"href":"https:\/\/fadesaing.com\/ca\/wp-json\/wp\/v2\/users\/1"}],"replies":[{"embeddable":true,"href":"https:\/\/fadesaing.com\/ca\/wp-json\/wp\/v2\/comments?post=2147"}],"version-history":[{"count":0,"href":"https:\/\/fadesaing.com\/ca\/wp-json\/wp\/v2\/pages\/2147\/revisions"}],"wp:attachment":[{"href":"https:\/\/fadesaing.com\/ca\/wp-json\/wp\/v2\/media?parent=2147"}],"curies":[{"name":"wp","href":"https:\/\/api.w.org\/{rel}","templated":true}]}}